{"id":9,"date":"2021-02-25T23:18:56","date_gmt":"2021-02-25T23:18:56","guid":{"rendered":"http:\/\/www.incesttraumacentar.org.rs\/wordpress\/?page_id=9"},"modified":"2021-03-18T11:17:40","modified_gmt":"2021-03-18T11:17:40","slug":"nas-domen-rada","status":"publish","type":"page","link":"http:\/\/incesttraumacentar.org.rs\/index.php\/nas-domen-rada\/","title":{"rendered":"NA\u0160 DOMEN RADA"},"content":{"rendered":"\t\t<div data-elementor-type=\"wp-page\" data-elementor-id=\"9\" class=\"elementor elementor-9\" data-elementor-settings=\"[]\">\n\t\t\t\t\t\t\t<div class=\"elementor-section-wrap\">\n\t\t\t\t\t\t\t<section class=\"elementor-section elementor-top-section elementor-element elementor-element-f930c7c elementor-section-boxed elementor-section-height-default elementor-section-height-default\" data-id=\"f930c7c\" data-element_type=\"section\">\n\t\t\t\t\t\t<div class=\"elementor-container elementor-column-gap-default\">\n\t\t\t\t\t<div class=\"elementor-column elementor-col-100 elementor-top-column elementor-element elementor-element-a8682f9\" data-id=\"a8682f9\" data-element_type=\"column\">\n\t\t\t<div class=\"elementor-widget-wrap elementor-element-populated\">\n\t\t\t\t\t\t\t\t<div class=\"elementor-element elementor-element-d8d3c51 elementor-widget elementor-widget-spacer\" data-id=\"d8d3c51\" data-element_type=\"widget\" data-widget_type=\"spacer.default\">\n\t\t\t\t<div class=\"elementor-widget-container\">\n\t\t\t\t\t<div class=\"elementor-spacer\">\n\t\t\t<div class=\"elementor-spacer-inner\"><\/div>\n\t\t<\/div>\n\t\t\t\t<\/div>\n\t\t\t\t<\/div>\n\t\t\t\t\t<\/div>\n\t\t<\/div>\n\t\t\t\t\t\t\t<\/div>\n\t\t<\/section>\n\t\t\t\t<section class=\"elementor-section elementor-top-section elementor-element elementor-element-85ed8e0 elementor-section-boxed elementor-section-height-default elementor-section-height-default\" data-id=\"85ed8e0\" data-element_type=\"section\">\n\t\t\t\t\t\t<div class=\"elementor-container elementor-column-gap-default\">\n\t\t\t\t\t<div class=\"elementor-column elementor-col-100 elementor-top-column elementor-element elementor-element-7404bee\" data-id=\"7404bee\" data-element_type=\"column\">\n\t\t\t<div class=\"elementor-widget-wrap elementor-element-populated\">\n\t\t\t\t\t\t\t\t<div class=\"elementor-element elementor-element-7ca1331 elementor-widget elementor-widget-text-editor\" data-id=\"7ca1331\" data-element_type=\"widget\" data-widget_type=\"text-editor.default\">\n\t\t\t\t<div class=\"elementor-widget-container\">\n\t\t\t\t\t<div class=\"elementor-text-editor elementor-clearfix\"><p><strong><span style=\"color: #cc3366;\">1.<\/span> Imamo aktivno u\u010de\u0161\u0107e u <a href=\"http:\/\/reactagainstsexualviolence.org\/\">Evropskoj \u017eenskoj mre\u017ei protiv seksualnog nasilja<\/a>\u00a0<\/strong><\/p><p><strong><span style=\"color: #cc3366;\">2<\/span>. Mi smo Supervizijski i Trening Centar<\/strong><\/p><p><strong><span style=\"color: #cc3366;\">3.<\/span> Mi smo Krizni centar &#8211; Online counselling za decu i odrasle osobe koje su pre\u017eivele seksualno nasilje i osobe koje su im od podr\u0161ke<\/strong><\/p><p><strong><span style=\"color: #cc3366;\">4.<\/span> Mi smo Centar za prevenciju seksualnog nasilja<\/strong><\/p><p>\u00a0<\/p><p style=\"font-weight: 400; text-align: justify;\">\u041eriginalne profesije na\u0161eg osoblja su iz sfere zdravlja, odnosno mentalnog zdravlja, i specijalizovane smo za prevenciju i intervenciju u oblasti seksualnog nasilja. Iskustvo u radu na temi seksualnog nasilja posedujemo od 1994. godine i najstarija smo specijalizovana organizacija ovog tipa u ovom delu Evrope.<\/p><p style=\"font-weight: 400; text-align: justify;\">Od 2017. godine, Incest\u00a0Trauma\u00a0Centar \u2013 Beograd je fokus svojih aktivnosti usmerio na profesionalno povezivanje sa srodnim organizacijama i pojedinkama\/pojedincima u Regionu, Evropi i u svetu. Inicijatorke smo i su-osniva\u010dice\u00a0<strong><a href=\"http:\/\/reactagainstsexualviolence.org\/\"><u>Evropske \u017eenske mre\u017ee protiv seksualnog nasilja<\/u><\/a><\/strong>. U periodu 2017-2019. smo je kao organizacija koordinisale i zatim nastavile sa aktivnim u\u010de\u0161\u0107em. Od 2019. godine doprinosimo\u00a0\u00a0i kroz dve va\u017ene funkcije u Mre\u017ei. Na\u0161a direktorka je Predsednica Evropske \u017eenske mre\u017ee protiv seksualnog nasilja. Na\u0161a predsednica je \u010dlanica Upravnog odbora Evropske \u017eenske mre\u017ee protiv seksualnog nasilja.<\/p><p style=\"font-weight: 400; text-align: justify;\">Nakon 25 godina pru\u017eanja counselling usluga u\u017eivo, tako \u0161to su osobe koje su pre\u017eivele seksualno nasilje dolazile li\u010dno u prostorije Incest\u00a0Trauma\u00a0Centra \u2013 Beograd, po\u010dev od 2020. counselling usluge pru\u017eamo isklju\u010divo online. Na\u0161 rad je pod supervizijom od samog osnivanja. Tu smo za decu i odrasle osobe koje su pre\u017eivele seksualno nasilje, osobe koje su im od podr\u0161ke, kao i da pru\u017eimo stru\u010dnu podr\u0161ku koleginicama i kolegama iz javnog i nevladinog sektora koji se sre\u0107u sa slu\u010dajevima seksualnog nasilja i potrebna im je pomo\u0107 kako da ih re\u0161avaju.<\/p><\/div>\n\t\t\t\t<\/div>\n\t\t\t\t<\/div>\n\t\t\t\t\t<\/div>\n\t\t<\/div>\n\t\t\t\t\t\t\t<\/div>\n\t\t<\/section>\n\t\t\t\t<section class=\"elementor-section elementor-top-section elementor-element elementor-element-624f420 elementor-section-boxed elementor-section-height-default elementor-section-height-default\" data-id=\"624f420\" data-element_type=\"section\">\n\t\t\t\t\t\t<div class=\"elementor-container elementor-column-gap-default\">\n\t\t\t\t\t<div class=\"elementor-column elementor-col-20 elementor-top-column elementor-element elementor-element-aca90e0\" data-id=\"aca90e0\" data-element_type=\"column\">\n\t\t\t<div class=\"elementor-widget-wrap elementor-element-populated\">\n\t\t\t\t\t\t\t\t<div class=\"elementor-element elementor-element-431ee23 elementor-widget elementor-widget-image\" data-id=\"431ee23\" data-element_type=\"widget\" data-widget_type=\"image.default\">\n\t\t\t\t<div class=\"elementor-widget-container\">\n\t\t\t\t\t<div class=\"elementor-image\">\n\t\t\t\t\t\t\t\t\t\t<img width=\"444\" height=\"294\" src=\"http:\/\/incesttraumacentar.org.rs\/wordpress\/wp-content\/uploads\/2021\/02\/play5.jpg\" class=\"attachment-large size-large\" alt=\"Marleen Diekmann - play5\" loading=\"lazy\" \/>\t\t\t\t\t\t\t\t\t\t\t<\/div>\n\t\t\t\t<\/div>\n\t\t\t\t<\/div>\n\t\t\t\t\t<\/div>\n\t\t<\/div>\n\t\t\t\t<div class=\"elementor-column elementor-col-20 elementor-top-column elementor-element elementor-element-14abb3b\" data-id=\"14abb3b\" data-element_type=\"column\">\n\t\t\t<div class=\"elementor-widget-wrap elementor-element-populated\">\n\t\t\t\t\t\t\t\t<div class=\"elementor-element elementor-element-28fcd2a elementor-widget elementor-widget-image\" data-id=\"28fcd2a\" data-element_type=\"widget\" data-widget_type=\"image.default\">\n\t\t\t\t<div class=\"elementor-widget-container\">\n\t\t\t\t\t<div class=\"elementor-image\">\n\t\t\t\t\t\t\t\t\t\t<img width=\"445\" height=\"292\" src=\"http:\/\/incesttraumacentar.org.rs\/wordpress\/wp-content\/uploads\/2021\/02\/play4.jpg\" class=\"attachment-large size-large\" alt=\"Marleen Diekmann - play4\" loading=\"lazy\" \/>\t\t\t\t\t\t\t\t\t\t\t<\/div>\n\t\t\t\t<\/div>\n\t\t\t\t<\/div>\n\t\t\t\t\t<\/div>\n\t\t<\/div>\n\t\t\t\t<div class=\"elementor-column elementor-col-20 elementor-top-column elementor-element elementor-element-48d5e5e\" data-id=\"48d5e5e\" data-element_type=\"column\">\n\t\t\t<div class=\"elementor-widget-wrap elementor-element-populated\">\n\t\t\t\t\t\t\t\t<div class=\"elementor-element elementor-element-0e8980c elementor-widget elementor-widget-image\" data-id=\"0e8980c\" data-element_type=\"widget\" data-widget_type=\"image.default\">\n\t\t\t\t<div class=\"elementor-widget-container\">\n\t\t\t\t\t<div class=\"elementor-image\">\n\t\t\t\t\t\t\t\t\t\t<img width=\"446\" height=\"297\" src=\"http:\/\/incesttraumacentar.org.rs\/wordpress\/wp-content\/uploads\/2021\/02\/play3.jpg\" class=\"attachment-large size-large\" alt=\"Marleen Diekmann - play3\" loading=\"lazy\" \/>\t\t\t\t\t\t\t\t\t\t\t<\/div>\n\t\t\t\t<\/div>\n\t\t\t\t<\/div>\n\t\t\t\t\t<\/div>\n\t\t<\/div>\n\t\t\t\t<div class=\"elementor-column elementor-col-20 elementor-top-column elementor-element elementor-element-616d067\" data-id=\"616d067\" data-element_type=\"column\">\n\t\t\t<div class=\"elementor-widget-wrap elementor-element-populated\">\n\t\t\t\t\t\t\t\t<div class=\"elementor-element elementor-element-447296c elementor-widget elementor-widget-image\" data-id=\"447296c\" data-element_type=\"widget\" data-widget_type=\"image.default\">\n\t\t\t\t<div class=\"elementor-widget-container\">\n\t\t\t\t\t<div class=\"elementor-image\">\n\t\t\t\t\t\t\t\t\t\t<img width=\"444\" height=\"292\" src=\"http:\/\/incesttraumacentar.org.rs\/wordpress\/wp-content\/uploads\/2021\/02\/play2.jpg\" class=\"attachment-large size-large\" alt=\"Marleen Diekmann - play2\" loading=\"lazy\" \/>\t\t\t\t\t\t\t\t\t\t\t<\/div>\n\t\t\t\t<\/div>\n\t\t\t\t<\/div>\n\t\t\t\t\t<\/div>\n\t\t<\/div>\n\t\t\t\t<div class=\"elementor-column elementor-col-20 elementor-top-column elementor-element elementor-element-3db67a2\" data-id=\"3db67a2\" data-element_type=\"column\">\n\t\t\t<div class=\"elementor-widget-wrap elementor-element-populated\">\n\t\t\t\t\t\t\t\t<div class=\"elementor-element elementor-element-c0feeb1 elementor-widget elementor-widget-image\" data-id=\"c0feeb1\" data-element_type=\"widget\" data-widget_type=\"image.default\">\n\t\t\t\t<div class=\"elementor-widget-container\">\n\t\t\t\t\t<div class=\"elementor-image\">\n\t\t\t\t\t\t\t\t\t\t<img width=\"444\" height=\"300\" src=\"http:\/\/incesttraumacentar.org.rs\/wordpress\/wp-content\/uploads\/2021\/02\/play1.jpg\" class=\"attachment-large size-large\" alt=\"Marleen Diekmann - play1\" loading=\"lazy\" \/>\t\t\t\t\t\t\t\t\t\t\t<\/div>\n\t\t\t\t<\/div>\n\t\t\t\t<\/div>\n\t\t\t\t\t<\/div>\n\t\t<\/div>\n\t\t\t\t\t\t\t<\/div>\n\t\t<\/section>\n\t\t\t\t<section class=\"elementor-section elementor-top-section elementor-element elementor-element-a867e50 elementor-section-boxed elementor-section-height-default elementor-section-height-default\" data-id=\"a867e50\" data-element_type=\"section\">\n\t\t\t\t\t\t<div class=\"elementor-container elementor-column-gap-default\">\n\t\t\t\t\t<div class=\"elementor-column elementor-col-100 elementor-top-column elementor-element elementor-element-8316bff\" data-id=\"8316bff\" data-element_type=\"column\">\n\t\t\t<div class=\"elementor-widget-wrap elementor-element-populated\">\n\t\t\t\t\t\t\t\t<div class=\"elementor-element elementor-element-2fc7840 elementor-widget elementor-widget-image\" data-id=\"2fc7840\" data-element_type=\"widget\" data-widget_type=\"image.default\">\n\t\t\t\t<div class=\"elementor-widget-container\">\n\t\t\t\t\t<div class=\"elementor-image\">\n\t\t\t\t\t\t\t\t\t\t<img width=\"768\" height=\"998\" src=\"http:\/\/incesttraumacentar.org.rs\/wordpress\/wp-content\/uploads\/2021\/02\/Marleen-Diekmannjpg.jpg\" class=\"attachment-medium_large size-medium_large\" alt=\"Marleen Diekmann\" loading=\"lazy\" \/>\t\t\t\t\t\t\t\t\t\t\t<\/div>\n\t\t\t\t<\/div>\n\t\t\t\t<\/div>\n\t\t\t\t\t<\/div>\n\t\t<\/div>\n\t\t\t\t\t\t\t<\/div>\n\t\t<\/section>\n\t\t\t\t<section class=\"elementor-section elementor-top-section elementor-element elementor-element-29ca310 elementor-section-boxed elementor-section-height-default elementor-section-height-default\" data-id=\"29ca310\" data-element_type=\"section\">\n\t\t\t\t\t\t<div class=\"elementor-container elementor-column-gap-default\">\n\t\t\t\t\t<div class=\"elementor-column elementor-col-100 elementor-top-column elementor-element elementor-element-11b1e42\" data-id=\"11b1e42\" data-element_type=\"column\">\n\t\t\t<div class=\"elementor-widget-wrap elementor-element-populated\">\n\t\t\t\t\t\t\t\t<div class=\"elementor-element elementor-element-0617406 elementor-widget elementor-widget-text-editor\" data-id=\"0617406\" data-element_type=\"widget\" data-widget_type=\"text-editor.default\">\n\t\t\t\t<div class=\"elementor-widget-container\">\n\t\t\t\t\t<div class=\"elementor-text-editor elementor-clearfix\"><p style=\"text-align: center;\"><strong>Marleen DiekmannSchoemaker (1948-2007.)<\/strong><\/p><p style=\"text-align: center;\"><strong>Supervizorka Incest\u00a0Trauma\u00a0Centra \u2013 Beograd u periodu 1994-2007.<\/strong><\/p><\/div>\n\t\t\t\t<\/div>\n\t\t\t\t<\/div>\n\t\t\t\t\t<\/div>\n\t\t<\/div>\n\t\t\t\t\t\t\t<\/div>\n\t\t<\/section>\n\t\t\t\t<section class=\"elementor-section elementor-top-section elementor-element elementor-element-ec1ed43 elementor-section-boxed elementor-section-height-default elementor-section-height-default\" data-id=\"ec1ed43\" data-element_type=\"section\">\n\t\t\t\t\t\t<div class=\"elementor-container elementor-column-gap-default\">\n\t\t\t\t\t<div class=\"elementor-column elementor-col-100 elementor-top-column elementor-element elementor-element-6352d28\" data-id=\"6352d28\" data-element_type=\"column\">\n\t\t\t<div class=\"elementor-widget-wrap elementor-element-populated\">\n\t\t\t\t\t\t\t\t<div class=\"elementor-element elementor-element-87454f4 elementor-widget elementor-widget-text-editor\" data-id=\"87454f4\" data-element_type=\"widget\" data-widget_type=\"text-editor.default\">\n\t\t\t\t<div class=\"elementor-widget-container\">\n\t\t\t\t\t<div class=\"elementor-text-editor elementor-clearfix\"><p style=\"text-align: center;\"><a href=\"http:\/\/www.incesttraumacentar.org.rs\/wordpress\/wp-content\/uploads\/2021\/02\/Dodatni-jezik-u-radu-sa-klijentima-Marleen-Diekmann-i-Guus-van-der-Veer-2003.doc\"><strong>Metod \u201cEen Taal Erbij \/ Dodatni jezik u radu sa klijentkinjama\/klijentima i u edukaciji\u00a0budu\u0107ih pomaga\u010dica\/pomaga\u010da\u201c<\/a>\u00a0<\/strong><\/p><\/div>\n\t\t\t\t<\/div>\n\t\t\t\t<\/div>\n\t\t\t\t\t<\/div>\n\t\t<\/div>\n\t\t\t\t\t\t\t<\/div>\n\t\t<\/section>\n\t\t\t\t\t\t<\/div>\n\t\t\t\t\t<\/div>\n\t\t","protected":false},"excerpt":{"rendered":"<p>1. Imamo aktivno u\u010de\u0161\u0107e u Evropskoj \u017eenskoj mre\u017ei protiv seksualnog nasilja\u00a0 2. Mi smo Supervizijski i Trening Centar 3. Mi smo Krizni centar &#8211; Online counselling za decu i odrasle osobe koje su pre\u017eivele seksualno nasilje i osobe koje su im od podr\u0161ke 4. Mi smo Centar za prevenciju seksualnog nasilja \u00a0 \u041eriginalne profesije na\u0161eg [&hellip;]<\/p>\n","protected":false},"author":1,"featured_media":0,"parent":0,"menu_order":0,"comment_status":"closed","ping_status":"closed","template":"","meta":[],"yoast_head":"<!-- This site is optimized with the Yoast SEO plugin v15.9 - https:\/\/yoast.com\/wordpress\/plugins\/seo\/ -->\n<title>NA\u0160 DOMEN RADA - INCEST TRAUMA CENTAR - BEOGRAD<\/title>\n<meta name=\"robots\" content=\"index, follow, max-snippet:-1, max-image-preview:large, max-video-preview:-1\" \/>\n<link rel=\"canonical\" href=\"http:\/\/incesttraumacentar.org.rs\/index.php\/nas-domen-rada\/\" \/>\n<meta property=\"og:locale\" content=\"en_US\" \/>\n<meta property=\"og:type\" content=\"article\" \/>\n<meta property=\"og:title\" content=\"NA\u0160 DOMEN RADA - INCEST TRAUMA CENTAR - BEOGRAD\" \/>\n<meta property=\"og:description\" content=\"1. Imamo aktivno u\u010de\u0161\u0107e u Evropskoj \u017eenskoj mre\u017ei protiv seksualnog nasilja\u00a0 2. Mi smo Supervizijski i Trening Centar 3. Mi smo Krizni centar &#8211; Online counselling za decu i odrasle osobe koje su pre\u017eivele seksualno nasilje i osobe koje su im od podr\u0161ke 4. Mi smo Centar za prevenciju seksualnog nasilja \u00a0 \u041eriginalne profesije na\u0161eg [&hellip;]\" \/>\n<meta property=\"og:url\" content=\"http:\/\/incesttraumacentar.org.rs\/index.php\/nas-domen-rada\/\" \/>\n<meta property=\"og:site_name\" content=\"INCEST TRAUMA CENTAR - BEOGRAD\" \/>\n<meta property=\"article:modified_time\" content=\"2021-03-18T11:17:40+00:00\" \/>\n<meta name=\"twitter:card\" content=\"summary_large_image\" \/>\n<meta name=\"twitter:label1\" content=\"Est. reading time\">\n\t<meta name=\"twitter:data1\" content=\"2 minutes\">\n<script type=\"application\/ld+json\" class=\"yoast-schema-graph\">{\"@context\":\"https:\/\/schema.org\",\"@graph\":[{\"@type\":\"Organization\",\"@id\":\"http:\/\/incesttraumacentar.org.rs\/#organization\",\"name\":\"INCEST TRAUMA CENTAR - BEOGRAD\",\"url\":\"http:\/\/incesttraumacentar.org.rs\/\",\"sameAs\":[],\"logo\":{\"@type\":\"ImageObject\",\"@id\":\"http:\/\/incesttraumacentar.org.rs\/#logo\",\"inLanguage\":\"en-US\",\"url\":\"http:\/\/incesttraumacentar.org.rs\/wordpress\/wp-content\/uploads\/2021\/02\/logo.png\",\"width\":82,\"height\":131,\"caption\":\"INCEST TRAUMA CENTAR - BEOGRAD\"},\"image\":{\"@id\":\"http:\/\/incesttraumacentar.org.rs\/#logo\"}},{\"@type\":\"WebSite\",\"@id\":\"http:\/\/incesttraumacentar.org.rs\/#website\",\"url\":\"http:\/\/incesttraumacentar.org.rs\/\",\"name\":\"INCEST TRAUMA CENTAR - BEOGRAD\",\"description\":\"\",\"publisher\":{\"@id\":\"http:\/\/incesttraumacentar.org.rs\/#organization\"},\"potentialAction\":[{\"@type\":\"SearchAction\",\"target\":\"http:\/\/incesttraumacentar.org.rs\/?s={search_term_string}\",\"query-input\":\"required name=search_term_string\"}],\"inLanguage\":\"en-US\"},{\"@type\":\"ImageObject\",\"@id\":\"http:\/\/incesttraumacentar.org.rs\/index.php\/nas-domen-rada\/#primaryimage\",\"inLanguage\":\"en-US\",\"url\":\"http:\/\/www.incesttraumacentar.org.rs\/wordpress\/wp-content\/uploads\/2021\/02\/play5.jpg\"},{\"@type\":\"WebPage\",\"@id\":\"http:\/\/incesttraumacentar.org.rs\/index.php\/nas-domen-rada\/#webpage\",\"url\":\"http:\/\/incesttraumacentar.org.rs\/index.php\/nas-domen-rada\/\",\"name\":\"NA\\u0160 DOMEN RADA - INCEST TRAUMA CENTAR - BEOGRAD\",\"isPartOf\":{\"@id\":\"http:\/\/incesttraumacentar.org.rs\/#website\"},\"primaryImageOfPage\":{\"@id\":\"http:\/\/incesttraumacentar.org.rs\/index.php\/nas-domen-rada\/#primaryimage\"},\"datePublished\":\"2021-02-25T23:18:56+00:00\",\"dateModified\":\"2021-03-18T11:17:40+00:00\",\"breadcrumb\":{\"@id\":\"http:\/\/incesttraumacentar.org.rs\/index.php\/nas-domen-rada\/#breadcrumb\"},\"inLanguage\":\"en-US\",\"potentialAction\":[{\"@type\":\"ReadAction\",\"target\":[\"http:\/\/incesttraumacentar.org.rs\/index.php\/nas-domen-rada\/\"]}]},{\"@type\":\"BreadcrumbList\",\"@id\":\"http:\/\/incesttraumacentar.org.rs\/index.php\/nas-domen-rada\/#breadcrumb\",\"itemListElement\":[{\"@type\":\"ListItem\",\"position\":1,\"item\":{\"@type\":\"WebPage\",\"@id\":\"http:\/\/incesttraumacentar.org.rs\/\",\"url\":\"http:\/\/incesttraumacentar.org.rs\/\",\"name\":\"Home\"}},{\"@type\":\"ListItem\",\"position\":2,\"item\":{\"@type\":\"WebPage\",\"@id\":\"http:\/\/incesttraumacentar.org.rs\/index.php\/nas-domen-rada\/\",\"url\":\"http:\/\/incesttraumacentar.org.rs\/index.php\/nas-domen-rada\/\",\"name\":\"NA\\u0160 DOMEN RADA\"}}]}]}<\/script>\n<!-- \/ Yoast SEO plugin. -->","_links":{"self":[{"href":"http:\/\/incesttraumacentar.org.rs\/index.php\/wp-json\/wp\/v2\/pages\/9"}],"collection":[{"href":"http:\/\/incesttraumacentar.org.rs\/index.php\/wp-json\/wp\/v2\/pages"}],"about":[{"href":"http:\/\/incesttraumacentar.org.rs\/index.php\/wp-json\/wp\/v2\/types\/page"}],"author":[{"embeddable":true,"href":"http:\/\/incesttraumacentar.org.rs\/index.php\/wp-json\/wp\/v2\/users\/1"}],"replies":[{"embeddable":true,"href":"http:\/\/incesttraumacentar.org.rs\/index.php\/wp-json\/wp\/v2\/comments?post=9"}],"version-history":[{"count":61,"href":"http:\/\/incesttraumacentar.org.rs\/index.php\/wp-json\/wp\/v2\/pages\/9\/revisions"}],"predecessor-version":[{"id":1525,"href":"http:\/\/incesttraumacentar.org.rs\/index.php\/wp-json\/wp\/v2\/pages\/9\/revisions\/1525"}],"wp:attachment":[{"href":"http:\/\/incesttraumacentar.org.rs\/index.php\/wp-json\/wp\/v2\/media?parent=9"}],"curies":[{"name":"wp","href":"https:\/\/api.w.org\/{rel}","templated":true}]}}