{"id":41,"date":"2021-02-25T23:55:50","date_gmt":"2021-02-25T23:55:50","guid":{"rendered":"http:\/\/www.incesttraumacentar.org.rs\/wordpress\/?page_id=41"},"modified":"2024-12-20T12:10:25","modified_gmt":"2024-12-20T12:10:25","slug":"home","status":"publish","type":"page","link":"http:\/\/incesttraumacentar.org.rs\/index.php\/en\/home\/","title":{"rendered":"HOME"},"content":{"rendered":"\t\t<div data-elementor-type=\"wp-page\" data-elementor-id=\"41\" class=\"elementor elementor-41\" data-elementor-settings=\"[]\">\n\t\t\t\t\t\t\t<div class=\"elementor-section-wrap\">\n\t\t\t\t\t\t\t<section class=\"elementor-section elementor-top-section elementor-element elementor-element-9fabc9f elementor-section-boxed elementor-section-height-default elementor-section-height-default\" data-id=\"9fabc9f\" data-element_type=\"section\">\n\t\t\t\t\t\t<div class=\"elementor-container elementor-column-gap-default\">\n\t\t\t\t\t<div class=\"elementor-column elementor-col-100 elementor-top-column elementor-element elementor-element-5854f20\" data-id=\"5854f20\" data-element_type=\"column\">\n\t\t\t<div class=\"elementor-widget-wrap elementor-element-populated\">\n\t\t\t\t\t\t\t\t<div class=\"elementor-element elementor-element-74e3b25 elementor-widget elementor-widget-text-editor\" data-id=\"74e3b25\" data-element_type=\"widget\" data-widget_type=\"text-editor.default\">\n\t\t\t\t<div class=\"elementor-widget-container\">\n\t\t\t\t\t<div class=\"elementor-text-editor elementor-clearfix\"><div id=\"metaslider-id-375\" style=\"width: 100%;\" class=\"ml-slider-3-20-2 metaslider metaslider-flex metaslider-375 ml-slider nav-hidden\">\n    <div id=\"metaslider_container_375\">\n        <div id=\"metaslider_375\">\n            <ul aria-live=\"polite\" class=\"slides\">\n                <li style=\"display: block; width: 100%;\" class=\"slide-376 ms-image\"><img loading=\"lazy\" src=\"http:\/\/incesttraumacentar.org.rs\/wordpress\/wp-content\/uploads\/2021\/02\/baner1eng.jpg\" height=\"300\" width=\"700\" alt=\"\" class=\"slider-375 slide-376\" title=\"baner1eng\" \/><\/li>\n                <li style=\"display: none; width: 100%;\" class=\"slide-377 ms-image\"><img loading=\"lazy\" src=\"http:\/\/incesttraumacentar.org.rs\/wordpress\/wp-content\/uploads\/2021\/02\/baner2eng.jpg\" height=\"300\" width=\"700\" alt=\"\" class=\"slider-375 slide-377\" title=\"baner2eng\" \/><\/li>\n            <\/ul>\n        <\/div>\n        \n    <\/div>\n<\/div><\/div>\n\t\t\t\t<\/div>\n\t\t\t\t<\/div>\n\t\t\t\t\t<\/div>\n\t\t<\/div>\n\t\t\t\t\t\t\t<\/div>\n\t\t<\/section>\n\t\t\t\t<section class=\"elementor-section elementor-top-section elementor-element elementor-element-4b6f632 elementor-section-boxed elementor-section-height-default elementor-section-height-default\" data-id=\"4b6f632\" data-element_type=\"section\">\n\t\t\t\t\t\t<div class=\"elementor-container elementor-column-gap-default\">\n\t\t\t\t\t<div class=\"elementor-column elementor-col-100 elementor-top-column elementor-element elementor-element-32f3a50\" data-id=\"32f3a50\" data-element_type=\"column\">\n\t\t\t<div class=\"elementor-widget-wrap elementor-element-populated\">\n\t\t\t\t\t\t\t\t<div class=\"elementor-element elementor-element-c62dad7 elementor-widget elementor-widget-text-editor\" data-id=\"c62dad7\" data-element_type=\"widget\" data-widget_type=\"text-editor.default\">\n\t\t\t\t<div class=\"elementor-widget-container\">\n\t\t\t\t\t<div class=\"elementor-text-editor elementor-clearfix\"><p style=\"text-align: center;\"><strong>VISIT THE PAGE OF OUR <a href=\"http:\/\/reactagainstsexualviolence.org\/regionalna-novinarska-mreza\/\">REGIONAL JOURNALISTS\u2019 NETWORK AGAINST SEXUAL VIOLENCE<\/a><\/strong><\/p><\/div>\n\t\t\t\t<\/div>\n\t\t\t\t<\/div>\n\t\t\t\t\t<\/div>\n\t\t<\/div>\n\t\t\t\t\t\t\t<\/div>\n\t\t<\/section>\n\t\t\t\t<section class=\"elementor-section elementor-top-section elementor-element elementor-element-785b2f6 elementor-section-boxed elementor-section-height-default elementor-section-height-default\" data-id=\"785b2f6\" data-element_type=\"section\">\n\t\t\t\t\t\t<div class=\"elementor-container elementor-column-gap-default\">\n\t\t\t\t\t<div class=\"elementor-column elementor-col-100 elementor-top-column elementor-element elementor-element-1771c64\" data-id=\"1771c64\" data-element_type=\"column\">\n\t\t\t<div class=\"elementor-widget-wrap elementor-element-populated\">\n\t\t\t\t\t\t\t\t<div class=\"elementor-element elementor-element-2fcd5e8 elementor-widget-divider--view-line elementor-widget elementor-widget-divider\" data-id=\"2fcd5e8\" data-element_type=\"widget\" data-widget_type=\"divider.default\">\n\t\t\t\t<div class=\"elementor-widget-container\">\n\t\t\t\t\t<div class=\"elementor-divider\">\n\t\t\t<span class=\"elementor-divider-separator\">\n\t\t\t\t\t\t<\/span>\n\t\t<\/div>\n\t\t\t\t<\/div>\n\t\t\t\t<\/div>\n\t\t\t\t\t<\/div>\n\t\t<\/div>\n\t\t\t\t\t\t\t<\/div>\n\t\t<\/section>\n\t\t\t\t<section class=\"elementor-section elementor-top-section elementor-element elementor-element-9114d9e elementor-section-boxed elementor-section-height-default elementor-section-height-default\" data-id=\"9114d9e\" data-element_type=\"section\">\n\t\t\t\t\t\t<div class=\"elementor-container elementor-column-gap-default\">\n\t\t\t\t\t<div class=\"elementor-column elementor-col-100 elementor-top-column elementor-element elementor-element-2c33457\" data-id=\"2c33457\" data-element_type=\"column\">\n\t\t\t<div class=\"elementor-widget-wrap elementor-element-populated\">\n\t\t\t\t\t\t\t\t<div class=\"elementor-element elementor-element-8025847 elementor-widget elementor-widget-text-editor\" data-id=\"8025847\" data-element_type=\"widget\" data-widget_type=\"text-editor.default\">\n\t\t\t\t<div class=\"elementor-widget-container\">\n\t\t\t\t\t<div class=\"elementor-text-editor elementor-clearfix\"><h5 style=\"text-align: center;\"><strong>Educational Packs for learning about the topic of sexual violence<\/strong><\/h5><h6 style=\"text-align: center;\">\u00a0<\/h6><h6 style=\"text-align: center;\"><a href=\"http:\/\/incesttraumacentar.org.rs\/wordpress\/wp-content\/uploads\/2024\/12\/Educational-Package-for-Kindergartens-Parents-and-Guardians-2024.pdf\"><strong>Educational Package for Kindergartens, Parents and Guardians<\/strong><\/a><strong>\u00a0and<\/strong><a href=\"http:\/\/incesttraumacentar.org.rs\/wordpress\/wp-content\/uploads\/2024\/12\/Slides-with-Educational-Package-for-Kindergartens-Parents-and-Guardians-2024.pdf\"><strong> Slides<\/strong><\/a><\/h6><h6 style=\"text-align: center;\"><a href=\"http:\/\/incesttraumacentar.org.rs\/wordpress\/wp-content\/uploads\/2024\/12\/Educational-Package-for-Primary-and-Secondary-Schools-2024.pdf\"><strong>Educational Package for Primary and Secondary Schools\u00a0<\/strong><\/a><\/h6><h6 style=\"text-align: center;\"><a href=\"http:\/\/incesttraumacentar.org.rs\/wordpress\/wp-content\/uploads\/2024\/12\/Healthy-Choices-for-Kids-\u2013-Complementary-Resource-to-Ed.-Packages-for-All-and-for-Local-Community-Actions-2024.pdf\"><strong>Healthy Choices for Kids \u2013 Complementary Resource to Ed. Packages for All and for Local Community Actions <\/strong><\/a><\/h6><h6 style=\"text-align: center;\"><a href=\"http:\/\/incesttraumacentar.org.rs\/wordpress\/wp-content\/uploads\/2022\/02\/Advocacy-Pack.pdf\" target=\"_blank\" rel=\"noopener\">Advocacy and Lobbying Pack for Returning Educational Packs \u2013 Lanzarote<\/a><\/h6><\/div>\n\t\t\t\t<\/div>\n\t\t\t\t<\/div>\n\t\t\t\t\t<\/div>\n\t\t<\/div>\n\t\t\t\t\t\t\t<\/div>\n\t\t<\/section>\n\t\t\t\t<section class=\"elementor-section elementor-top-section elementor-element elementor-element-d12ac8f elementor-section-boxed elementor-section-height-default elementor-section-height-default\" data-id=\"d12ac8f\" data-element_type=\"section\">\n\t\t\t\t\t\t<div class=\"elementor-container elementor-column-gap-default\">\n\t\t\t\t\t<div class=\"elementor-column elementor-col-100 elementor-top-column elementor-element elementor-element-622ce86\" data-id=\"622ce86\" data-element_type=\"column\">\n\t\t\t<div class=\"elementor-widget-wrap elementor-element-populated\">\n\t\t\t\t\t\t\t\t<div class=\"elementor-element elementor-element-82db766 elementor-widget-divider--view-line elementor-widget elementor-widget-divider\" data-id=\"82db766\" data-element_type=\"widget\" data-widget_type=\"divider.default\">\n\t\t\t\t<div class=\"elementor-widget-container\">\n\t\t\t\t\t<div class=\"elementor-divider\">\n\t\t\t<span class=\"elementor-divider-separator\">\n\t\t\t\t\t\t<\/span>\n\t\t<\/div>\n\t\t\t\t<\/div>\n\t\t\t\t<\/div>\n\t\t\t\t\t<\/div>\n\t\t<\/div>\n\t\t\t\t\t\t\t<\/div>\n\t\t<\/section>\n\t\t\t\t<section class=\"elementor-section elementor-top-section elementor-element elementor-element-c1335ea elementor-section-boxed elementor-section-height-default elementor-section-height-default\" data-id=\"c1335ea\" data-element_type=\"section\">\n\t\t\t\t\t\t<div class=\"elementor-container elementor-column-gap-default\">\n\t\t\t\t\t<div class=\"elementor-column elementor-col-25 elementor-top-column elementor-element elementor-element-a77be18\" data-id=\"a77be18\" data-element_type=\"column\">\n\t\t\t<div class=\"elementor-widget-wrap elementor-element-populated\">\n\t\t\t\t\t\t\t\t<div class=\"elementor-element elementor-element-42a8877 elementor-widget elementor-widget-image\" data-id=\"42a8877\" data-element_type=\"widget\" data-widget_type=\"image.default\">\n\t\t\t\t<div class=\"elementor-widget-container\">\n\t\t\t\t\t<div class=\"elementor-image\">\n\t\t\t\t\t\t\t\t\t\t\t<a href=\"https:\/\/europa.eu\/\">\n\t\t\t\t\t\t\t<img width=\"150\" height=\"124\" src=\"http:\/\/incesttraumacentar.org.rs\/wordpress\/wp-content\/uploads\/2021\/02\/EU-logo.jpg\" class=\"attachment-thumbnail size-thumbnail\" alt=\"\" loading=\"lazy\" \/>\t\t\t\t\t\t\t\t<\/a>\n\t\t\t\t\t\t\t\t\t\t\t<\/div>\n\t\t\t\t<\/div>\n\t\t\t\t<\/div>\n\t\t\t\t\t<\/div>\n\t\t<\/div>\n\t\t\t\t<div class=\"elementor-column elementor-col-25 elementor-top-column elementor-element elementor-element-e13d7f0\" data-id=\"e13d7f0\" data-element_type=\"column\">\n\t\t\t<div class=\"elementor-widget-wrap elementor-element-populated\">\n\t\t\t\t\t\t\t\t<div class=\"elementor-element elementor-element-8731682 elementor-widget elementor-widget-image\" data-id=\"8731682\" data-element_type=\"widget\" data-widget_type=\"image.default\">\n\t\t\t\t<div class=\"elementor-widget-container\">\n\t\t\t\t\t<div class=\"elementor-image\">\n\t\t\t\t\t\t\t\t\t\t\t<a href=\"https:\/\/worldofchildren.org\/\">\n\t\t\t\t\t\t\t<img width=\"150\" height=\"79\" src=\"http:\/\/incesttraumacentar.org.rs\/wordpress\/wp-content\/uploads\/2021\/02\/WOC-Logo-Type-Side-by-side-Tag.png\" class=\"attachment-thumbnail size-thumbnail\" alt=\"\" loading=\"lazy\" \/>\t\t\t\t\t\t\t\t<\/a>\n\t\t\t\t\t\t\t\t\t\t\t<\/div>\n\t\t\t\t<\/div>\n\t\t\t\t<\/div>\n\t\t\t\t\t<\/div>\n\t\t<\/div>\n\t\t\t\t<div class=\"elementor-column elementor-col-25 elementor-top-column elementor-element elementor-element-68016e5\" data-id=\"68016e5\" data-element_type=\"column\">\n\t\t\t<div class=\"elementor-widget-wrap elementor-element-populated\">\n\t\t\t\t\t\t\t\t<div class=\"elementor-element elementor-element-5f18424 elementor-widget elementor-widget-image\" data-id=\"5f18424\" data-element_type=\"widget\" data-widget_type=\"image.default\">\n\t\t\t\t<div class=\"elementor-widget-container\">\n\t\t\t\t\t<div class=\"elementor-image\">\n\t\t\t\t\t\t\t\t\t\t\t<a href=\"http:\/\/www.rwfund.org\/\">\n\t\t\t\t\t\t\t<img width=\"150\" height=\"75\" src=\"http:\/\/incesttraumacentar.org.rs\/wordpress\/wp-content\/uploads\/2021\/02\/rzf-logo-rgb-sr.jpg\" class=\"attachment-thumbnail size-thumbnail\" alt=\"\" loading=\"lazy\" \/>\t\t\t\t\t\t\t\t<\/a>\n\t\t\t\t\t\t\t\t\t\t\t<\/div>\n\t\t\t\t<\/div>\n\t\t\t\t<\/div>\n\t\t\t\t\t<\/div>\n\t\t<\/div>\n\t\t\t\t<div class=\"elementor-column elementor-col-25 elementor-top-column elementor-element elementor-element-3f9e2d6\" data-id=\"3f9e2d6\" data-element_type=\"column\">\n\t\t\t<div class=\"elementor-widget-wrap elementor-element-populated\">\n\t\t\t\t\t\t\t\t<div class=\"elementor-element elementor-element-99c0a1f elementor-widget elementor-widget-image\" data-id=\"99c0a1f\" data-element_type=\"widget\" data-widget_type=\"image.default\">\n\t\t\t\t<div class=\"elementor-widget-container\">\n\t\t\t\t\t<div class=\"elementor-image\">\n\t\t\t\t\t\t\t\t\t\t\t<a href=\"https:\/\/globalfundforchildren.org\/\">\n\t\t\t\t\t\t\t<img width=\"150\" height=\"73\" src=\"http:\/\/incesttraumacentar.org.rs\/wordpress\/wp-content\/uploads\/2021\/02\/Global-fond-for-children.png\" class=\"attachment-thumbnail size-thumbnail\" alt=\"\" loading=\"lazy\" \/>\t\t\t\t\t\t\t\t<\/a>\n\t\t\t\t\t\t\t\t\t\t\t<\/div>\n\t\t\t\t<\/div>\n\t\t\t\t<\/div>\n\t\t\t\t\t<\/div>\n\t\t<\/div>\n\t\t\t\t\t\t\t<\/div>\n\t\t<\/section>\n\t\t\t\t<section class=\"elementor-section elementor-top-section elementor-element elementor-element-e6c5313 elementor-section-boxed elementor-section-height-default elementor-section-height-default\" data-id=\"e6c5313\" data-element_type=\"section\">\n\t\t\t\t\t\t<div class=\"elementor-container elementor-column-gap-default\">\n\t\t\t\t\t<div class=\"elementor-column elementor-col-25 elementor-top-column elementor-element elementor-element-25b6eb8\" data-id=\"25b6eb8\" data-element_type=\"column\">\n\t\t\t<div class=\"elementor-widget-wrap\">\n\t\t\t\t\t\t\t\t\t<\/div>\n\t\t<\/div>\n\t\t\t\t<div class=\"elementor-column elementor-col-25 elementor-top-column elementor-element elementor-element-d3e6af0\" data-id=\"d3e6af0\" data-element_type=\"column\">\n\t\t\t<div class=\"elementor-widget-wrap elementor-element-populated\">\n\t\t\t\t\t\t\t\t<div class=\"elementor-element elementor-element-9c854d6 elementor-widget elementor-widget-image\" data-id=\"9c854d6\" data-element_type=\"widget\" data-widget_type=\"image.default\">\n\t\t\t\t<div class=\"elementor-widget-container\">\n\t\t\t\t\t<div class=\"elementor-image\">\n\t\t\t\t\t\t\t\t\t\t\t<a href=\"https:\/\/www.ispcan.org\/\">\n\t\t\t\t\t\t\t<img width=\"150\" height=\"82\" src=\"http:\/\/incesttraumacentar.org.rs\/wordpress\/wp-content\/uploads\/2021\/02\/2016_ISPCAN-Logo-Final-1.jpg\" class=\"attachment-thumbnail size-thumbnail\" alt=\"\" loading=\"lazy\" \/>\t\t\t\t\t\t\t\t<\/a>\n\t\t\t\t\t\t\t\t\t\t\t<\/div>\n\t\t\t\t<\/div>\n\t\t\t\t<\/div>\n\t\t\t\t\t<\/div>\n\t\t<\/div>\n\t\t\t\t<div class=\"elementor-column elementor-col-25 elementor-top-column elementor-element elementor-element-a932637\" data-id=\"a932637\" data-element_type=\"column\">\n\t\t\t<div class=\"elementor-widget-wrap elementor-element-populated\">\n\t\t\t\t\t\t\t\t<div class=\"elementor-element elementor-element-d6f1daf elementor-widget elementor-widget-image\" data-id=\"d6f1daf\" data-element_type=\"widget\" data-widget_type=\"image.default\">\n\t\t\t\t<div class=\"elementor-widget-container\">\n\t\t\t\t\t<div class=\"elementor-image\">\n\t\t\t\t\t\t\t\t\t\t\t<a href=\"http:\/\/arhiv.rs\/\">\n\t\t\t\t\t\t\t<img width=\"150\" height=\"74\" src=\"http:\/\/incesttraumacentar.org.rs\/wordpress\/wp-content\/uploads\/2021\/02\/logo-issn.jpg\" class=\"attachment-thumbnail size-thumbnail\" alt=\"\" loading=\"lazy\" \/>\t\t\t\t\t\t\t\t<\/a>\n\t\t\t\t\t\t\t\t\t\t\t<\/div>\n\t\t\t\t<\/div>\n\t\t\t\t<\/div>\n\t\t\t\t\t<\/div>\n\t\t<\/div>\n\t\t\t\t<div class=\"elementor-column elementor-col-25 elementor-top-column elementor-element elementor-element-7f55157\" data-id=\"7f55157\" data-element_type=\"column\">\n\t\t\t<div class=\"elementor-widget-wrap elementor-element-populated\">\n\t\t\t\t\t\t\t\t<div class=\"elementor-element elementor-element-4b16a1f elementor-widget elementor-widget-image\" data-id=\"4b16a1f\" data-element_type=\"widget\" data-widget_type=\"image.default\">\n\t\t\t\t<div class=\"elementor-widget-container\">\n\t\t\t\t\t<div class=\"elementor-image\">\n\t\t\t\t\t\t\t\t\t\t<img width=\"150\" height=\"91\" src=\"http:\/\/incesttraumacentar.org.rs\/wordpress\/wp-content\/uploads\/2023\/04\/TACSO-1.jpg\" class=\"attachment-thumbnail size-thumbnail\" alt=\"\" loading=\"lazy\" \/>\t\t\t\t\t\t\t\t\t\t\t<\/div>\n\t\t\t\t<\/div>\n\t\t\t\t<\/div>\n\t\t\t\t\t<\/div>\n\t\t<\/div>\n\t\t\t\t\t\t\t<\/div>\n\t\t<\/section>\n\t\t\t\t<section class=\"elementor-section elementor-top-section elementor-element elementor-element-75a2ff6 elementor-section-boxed elementor-section-height-default elementor-section-height-default\" data-id=\"75a2ff6\" data-element_type=\"section\">\n\t\t\t\t\t\t<div class=\"elementor-container elementor-column-gap-default\">\n\t\t\t\t\t<div class=\"elementor-column elementor-col-50 elementor-top-column elementor-element elementor-element-a63f6a0\" data-id=\"a63f6a0\" data-element_type=\"column\">\n\t\t\t<div class=\"elementor-widget-wrap elementor-element-populated\">\n\t\t\t\t\t\t\t\t<div class=\"elementor-element elementor-element-360c46c elementor-widget elementor-widget-text-editor\" data-id=\"360c46c\" data-element_type=\"widget\" data-widget_type=\"text-editor.default\">\n\t\t\t\t<div class=\"elementor-widget-container\">\n\t\t\t\t\t<div class=\"elementor-text-editor elementor-clearfix\"><p><strong>Donations (local currency RSD):<\/strong>\u00a0If you would like to donate in RSD, our bank account in Komercijalna banka Beograd is 205-119819-16. Please, be so kind to specify \u2018donation\u2019 as a purpose and contact us to fill and sign the Contract which will make this transaction official. This is a very simple procedure without which we shall not be able to receive and manage your donation.<\/p><p><strong>Donations (foreign currency):\u00a0<\/strong>If you would like to donate in a foreign currency, please, be so kind to contact us and we\u2019ll send you official bank instructions in accordance with the selected currency. It is necessary to specify \u2018donation\u2019 as a purpose and contact us to fill and sign the Contract which will make this transaction official. This is a very simple procedure without which we shall not be able to receive and manage your donation.<\/p><p><strong>You can donate<\/strong>\u00a0in merchandise or services.<\/p><p><strong>Letters to officials:<\/strong>\u00a0You can also write letters to officials such as policy makers and law enforcement representatives in order to create pressure that will result in positive changes for survivors.<\/p><\/div>\n\t\t\t\t<\/div>\n\t\t\t\t<\/div>\n\t\t\t\t\t<\/div>\n\t\t<\/div>\n\t\t\t\t<div class=\"elementor-column elementor-col-50 elementor-top-column elementor-element elementor-element-1c5ecf9\" data-id=\"1c5ecf9\" data-element_type=\"column\">\n\t\t\t<div class=\"elementor-widget-wrap elementor-element-populated\">\n\t\t\t\t\t\t\t\t<div class=\"elementor-element elementor-element-3278ab5 elementor-widget elementor-widget-text-editor\" data-id=\"3278ab5\" data-element_type=\"widget\" data-widget_type=\"text-editor.default\">\n\t\t\t\t<div class=\"elementor-widget-container\">\n\t\t\t\t\t<div class=\"elementor-text-editor elementor-clearfix\"><p><strong>DONORS OF THE INCEST TRAUMA CENTER \u2013 BELGRADE (1994 and to date)<\/strong><\/p><p><strong>In chronological order <\/strong><\/p><ul><li>Oxfam, UK<\/li><li>British Embassy, Belgrade office<\/li><li>&#8220;Little Mermaid &#8220;, the Netherlands<\/li><li>Ministry of Foreign Affairs of Netherlands<\/li><li>Renault, the Netherlands<\/li><li>Ms Charlotte Kolff<\/li><li>Ms Els Ydo<\/li><li>Ms Ady Van Doornik<\/li><li>Ms Vesna Klikovac<\/li><li>MamaCash, the Netherlands<\/li><li>UMCOR<\/li><li>UNICEF<\/li><li>Save the Children, UK<\/li><li>Belgrade City Secretariat for Social Welfare<\/li><li>The Royal Netherlands Embassy in Belgrade<\/li><li>UNHCHR<\/li><li>War Trauma Foundation, The Netherlands<\/li><li>Ministry of Health of Serbia<\/li><li>Reconstruction Women&#8217;s Fund<\/li><li>Zepter International <u><\/u><\/li><li>Hemofarm<\/li><li>SZTR &#8220;Vesna&#8221;, Belgrade<\/li><li>Profysport<\/li><li>UNHCR Office in Podgorica, Montenegro<\/li><li>Embassy of Sweden<\/li><li>Embassy of Australia<\/li><li>&#8220;Alfitec&#8221;<\/li><li>Canadian International Development Agency<\/li><li>Ms Mirjana Zore<\/li><li>Ms Mirjana Matkovi\u0107<\/li><li>The Global Fund for Children<\/li><li>Delegation of the European Commission to the Republic of Serbia<\/li><li>City of Belgrade Secretariat for social and child welfare<\/li><li>Studio &#8220;Cube&#8221; &#8211; musical instruments<\/li><li>Atelier 212 Theatre<\/li><li>Microsoft Company in Belgrade<\/li><li>Sporting Hearts, UK<\/li><li>Ana Vra\u010darevi\u0107, World Centre of Real Aikido<\/li><li>BCIF<\/li><li>Attorney at law office \u201cTrifunovi\u0107 i Cvetkovi\u0107\u201d<\/li><li>Jugoslav Drama Theatre<\/li><li>Ms Mirjana Karanovi\u0107 and her acters\u2019 class (school year 2008\/2009)<\/li><li>Canada Fund<\/li><li>DAH THEATRE, Center for Theatre Research<\/li><li>Studio \u201cDositej\u201d, foreign languages studies<\/li><li>EBART Media Documentation<\/li><li>USAID and Institute of Sustainable Communities<\/li><li>Health center of the municipality \u201cStari Grad\u201d in Belgrade<\/li><li>Ms Sne\u017eana Bo\u0161kovi\u0107<\/li><li>Mr Milo Jakovljevi\u0107<\/li><li>INK Project<\/li><li>New Free Look LS d.o.o.<\/li><li>UNDP\/Ministry of Social Welfare\/Gender Equality Directorate<\/li><li>World Center for Real Aikido<\/li><li>Belgrade Fair<\/li><li>Opera &amp; Theatre \u201cMadlenianum\u201d<\/li><li>UNHCR in Belgrade<\/li><li>Serbia Gov. Office for Co-operation with Civil Society<\/li><li>Swedish Arts Council<\/li><li>World of Children Award, US<\/li><li>Consulate of Ireland in Belgrade and the Irish Embassy in Greece<\/li><li>EU TACSO<\/li><li>UniCredit Fondacija, Italy<\/li><\/ul><\/div>\n\t\t\t\t<\/div>\n\t\t\t\t<\/div>\n\t\t\t\t\t<\/div>\n\t\t<\/div>\n\t\t\t\t\t\t\t<\/div>\n\t\t<\/section>\n\t\t\t\t\t\t<\/div>\n\t\t\t\t\t<\/div>\n\t\t","protected":false},"excerpt":{"rendered":"<p>VISIT THE PAGE OF OUR REGIONAL JOURNALISTS\u2019 NETWORK AGAINST SEXUAL VIOLENCE Educational Packs for learning about the topic of sexual violence \u00a0 Educational Package for Kindergartens, Parents and Guardians\u00a0and Slides Educational Package for Primary and Secondary Schools\u00a0 Healthy Choices for Kids \u2013 Complementary Resource to Ed. Packages for All and for Local Community Actions Advocacy [&hellip;]<\/p>\n","protected":false},"author":1,"featured_media":0,"parent":0,"menu_order":0,"comment_status":"closed","ping_status":"closed","template":"","meta":[],"yoast_head":"<!-- This site is optimized with the Yoast SEO plugin v15.9 - https:\/\/yoast.com\/wordpress\/plugins\/seo\/ -->\n<title>HOME - INCEST TRAUMA CENTAR - BEOGRAD<\/title>\n<meta name=\"robots\" content=\"index, follow, max-snippet:-1, max-image-preview:large, max-video-preview:-1\" \/>\n<link rel=\"canonical\" href=\"http:\/\/incesttraumacentar.org.rs\/index.php\/en\/home\/\" \/>\n<meta property=\"og:locale\" content=\"en_US\" \/>\n<meta property=\"og:type\" content=\"article\" \/>\n<meta property=\"og:title\" content=\"HOME - INCEST TRAUMA CENTAR - BEOGRAD\" \/>\n<meta property=\"og:description\" content=\"VISIT THE PAGE OF OUR REGIONAL JOURNALISTS\u2019 NETWORK AGAINST SEXUAL VIOLENCE Educational Packs for learning about the topic of sexual violence \u00a0 Educational Package for Kindergartens, Parents and Guardians\u00a0and Slides Educational Package for Primary and Secondary Schools\u00a0 Healthy Choices for Kids \u2013 Complementary Resource to Ed. Packages for All and for Local Community Actions Advocacy [&hellip;]\" \/>\n<meta property=\"og:url\" content=\"http:\/\/incesttraumacentar.org.rs\/index.php\/en\/home\/\" \/>\n<meta property=\"og:site_name\" content=\"INCEST TRAUMA CENTAR - BEOGRAD\" \/>\n<meta property=\"article:modified_time\" content=\"2024-12-20T12:10:25+00:00\" \/>\n<meta property=\"og:image\" content=\"http:\/\/incesttraumacentar.org.rs\/wordpress\/wp-content\/uploads\/2021\/02\/EU-logo.jpg\" \/>\n<meta name=\"twitter:card\" content=\"summary_large_image\" \/>\n<meta name=\"twitter:label1\" content=\"Est. reading time\">\n\t<meta name=\"twitter:data1\" content=\"5 minutes\">\n<script type=\"application\/ld+json\" class=\"yoast-schema-graph\">{\"@context\":\"https:\/\/schema.org\",\"@graph\":[{\"@type\":\"Organization\",\"@id\":\"http:\/\/incesttraumacentar.org.rs\/#organization\",\"name\":\"INCEST TRAUMA CENTAR - BEOGRAD\",\"url\":\"http:\/\/incesttraumacentar.org.rs\/\",\"sameAs\":[],\"logo\":{\"@type\":\"ImageObject\",\"@id\":\"http:\/\/incesttraumacentar.org.rs\/#logo\",\"inLanguage\":\"en-US\",\"url\":\"http:\/\/incesttraumacentar.org.rs\/wordpress\/wp-content\/uploads\/2021\/02\/logo.png\",\"width\":82,\"height\":131,\"caption\":\"INCEST TRAUMA CENTAR - BEOGRAD\"},\"image\":{\"@id\":\"http:\/\/incesttraumacentar.org.rs\/#logo\"}},{\"@type\":\"WebSite\",\"@id\":\"http:\/\/incesttraumacentar.org.rs\/#website\",\"url\":\"http:\/\/incesttraumacentar.org.rs\/\",\"name\":\"INCEST TRAUMA CENTAR - BEOGRAD\",\"description\":\"\",\"publisher\":{\"@id\":\"http:\/\/incesttraumacentar.org.rs\/#organization\"},\"potentialAction\":[{\"@type\":\"SearchAction\",\"target\":\"http:\/\/incesttraumacentar.org.rs\/?s={search_term_string}\",\"query-input\":\"required name=search_term_string\"}],\"inLanguage\":\"en-US\"},{\"@type\":\"ImageObject\",\"@id\":\"http:\/\/incesttraumacentar.org.rs\/index.php\/en\/home\/#primaryimage\",\"inLanguage\":\"en-US\",\"url\":\"http:\/\/incesttraumacentar.org.rs\/wordpress\/wp-content\/uploads\/2021\/02\/EU-logo.jpg\",\"width\":200,\"height\":165},{\"@type\":\"WebPage\",\"@id\":\"http:\/\/incesttraumacentar.org.rs\/index.php\/en\/home\/#webpage\",\"url\":\"http:\/\/incesttraumacentar.org.rs\/index.php\/en\/home\/\",\"name\":\"HOME - INCEST TRAUMA CENTAR - BEOGRAD\",\"isPartOf\":{\"@id\":\"http:\/\/incesttraumacentar.org.rs\/#website\"},\"primaryImageOfPage\":{\"@id\":\"http:\/\/incesttraumacentar.org.rs\/index.php\/en\/home\/#primaryimage\"},\"datePublished\":\"2021-02-25T23:55:50+00:00\",\"dateModified\":\"2024-12-20T12:10:25+00:00\",\"breadcrumb\":{\"@id\":\"http:\/\/incesttraumacentar.org.rs\/index.php\/en\/home\/#breadcrumb\"},\"inLanguage\":\"en-US\",\"potentialAction\":[{\"@type\":\"ReadAction\",\"target\":[\"http:\/\/incesttraumacentar.org.rs\/index.php\/en\/home\/\"]}]},{\"@type\":\"BreadcrumbList\",\"@id\":\"http:\/\/incesttraumacentar.org.rs\/index.php\/en\/home\/#breadcrumb\",\"itemListElement\":[{\"@type\":\"ListItem\",\"position\":1,\"item\":{\"@type\":\"WebPage\",\"@id\":\"http:\/\/incesttraumacentar.org.rs\/\",\"url\":\"http:\/\/incesttraumacentar.org.rs\/\",\"name\":\"Home\"}},{\"@type\":\"ListItem\",\"position\":2,\"item\":{\"@type\":\"WebPage\",\"@id\":\"http:\/\/incesttraumacentar.org.rs\/index.php\/en\/home\/\",\"url\":\"http:\/\/incesttraumacentar.org.rs\/index.php\/en\/home\/\",\"name\":\"HOME\"}}]}]}<\/script>\n<!-- \/ Yoast SEO plugin. -->","_links":{"self":[{"href":"http:\/\/incesttraumacentar.org.rs\/index.php\/wp-json\/wp\/v2\/pages\/41"}],"collection":[{"href":"http:\/\/incesttraumacentar.org.rs\/index.php\/wp-json\/wp\/v2\/pages"}],"about":[{"href":"http:\/\/incesttraumacentar.org.rs\/index.php\/wp-json\/wp\/v2\/types\/page"}],"author":[{"embeddable":true,"href":"http:\/\/incesttraumacentar.org.rs\/index.php\/wp-json\/wp\/v2\/users\/1"}],"replies":[{"embeddable":true,"href":"http:\/\/incesttraumacentar.org.rs\/index.php\/wp-json\/wp\/v2\/comments?post=41"}],"version-history":[{"count":102,"href":"http:\/\/incesttraumacentar.org.rs\/index.php\/wp-json\/wp\/v2\/pages\/41\/revisions"}],"predecessor-version":[{"id":1895,"href":"http:\/\/incesttraumacentar.org.rs\/index.php\/wp-json\/wp\/v2\/pages\/41\/revisions\/1895"}],"wp:attachment":[{"href":"http:\/\/incesttraumacentar.org.rs\/index.php\/wp-json\/wp\/v2\/media?parent=41"}],"curies":[{"name":"wp","href":"https:\/\/api.w.org\/{rel}","templated":true}]}}