{"id":31,"date":"2021-02-25T23:47:45","date_gmt":"2021-02-25T23:47:45","guid":{"rendered":"http:\/\/www.incesttraumacentar.org.rs\/wordpress\/?page_id=31"},"modified":"2023-05-02T15:36:54","modified_gmt":"2023-05-02T15:36:54","slug":"donatori","status":"publish","type":"page","link":"http:\/\/incesttraumacentar.org.rs\/index.php\/donatori\/","title":{"rendered":"DONATORI"},"content":{"rendered":"\t\t<div data-elementor-type=\"wp-page\" data-elementor-id=\"31\" class=\"elementor elementor-31\" data-elementor-settings=\"[]\">\n\t\t\t\t\t\t\t<div class=\"elementor-section-wrap\">\n\t\t\t\t\t\t\t<section class=\"elementor-section elementor-top-section elementor-element elementor-element-b332410 elementor-section-boxed elementor-section-height-default elementor-section-height-default\" data-id=\"b332410\" data-element_type=\"section\">\n\t\t\t\t\t\t<div class=\"elementor-container elementor-column-gap-default\">\n\t\t\t\t\t<div class=\"elementor-column elementor-col-25 elementor-top-column elementor-element elementor-element-c8f7558\" data-id=\"c8f7558\" data-element_type=\"column\">\n\t\t\t<div class=\"elementor-widget-wrap elementor-element-populated\">\n\t\t\t\t\t\t\t\t<div class=\"elementor-element elementor-element-2c3718a elementor-widget elementor-widget-image\" data-id=\"2c3718a\" data-element_type=\"widget\" data-widget_type=\"image.default\">\n\t\t\t\t<div class=\"elementor-widget-container\">\n\t\t\t\t\t<div class=\"elementor-image\">\n\t\t\t\t\t\t\t\t\t\t\t<a href=\"https:\/\/europa.eu\/\">\n\t\t\t\t\t\t\t<img width=\"150\" height=\"124\" src=\"http:\/\/incesttraumacentar.org.rs\/wordpress\/wp-content\/uploads\/2021\/02\/EU-logo.jpg\" class=\"attachment-thumbnail size-thumbnail\" alt=\"\" loading=\"lazy\" \/>\t\t\t\t\t\t\t\t<\/a>\n\t\t\t\t\t\t\t\t\t\t\t<\/div>\n\t\t\t\t<\/div>\n\t\t\t\t<\/div>\n\t\t\t\t\t<\/div>\n\t\t<\/div>\n\t\t\t\t<div class=\"elementor-column elementor-col-25 elementor-top-column elementor-element elementor-element-a980ca9\" data-id=\"a980ca9\" data-element_type=\"column\">\n\t\t\t<div class=\"elementor-widget-wrap elementor-element-populated\">\n\t\t\t\t\t\t\t\t<div class=\"elementor-element elementor-element-c3bffc8 elementor-widget elementor-widget-image\" data-id=\"c3bffc8\" data-element_type=\"widget\" data-widget_type=\"image.default\">\n\t\t\t\t<div class=\"elementor-widget-container\">\n\t\t\t\t\t<div class=\"elementor-image\">\n\t\t\t\t\t\t\t\t\t\t\t<a href=\"https:\/\/worldofchildren.org\/\">\n\t\t\t\t\t\t\t<img width=\"150\" height=\"79\" src=\"http:\/\/incesttraumacentar.org.rs\/wordpress\/wp-content\/uploads\/2021\/02\/WOC-Logo-Type-Side-by-side-Tag.png\" class=\"attachment-thumbnail size-thumbnail\" alt=\"\" loading=\"lazy\" \/>\t\t\t\t\t\t\t\t<\/a>\n\t\t\t\t\t\t\t\t\t\t\t<\/div>\n\t\t\t\t<\/div>\n\t\t\t\t<\/div>\n\t\t\t\t\t<\/div>\n\t\t<\/div>\n\t\t\t\t<div class=\"elementor-column elementor-col-25 elementor-top-column elementor-element elementor-element-cc2dab4\" data-id=\"cc2dab4\" data-element_type=\"column\">\n\t\t\t<div class=\"elementor-widget-wrap elementor-element-populated\">\n\t\t\t\t\t\t\t\t<div class=\"elementor-element elementor-element-fa072fe elementor-widget elementor-widget-image\" data-id=\"fa072fe\" data-element_type=\"widget\" data-widget_type=\"image.default\">\n\t\t\t\t<div class=\"elementor-widget-container\">\n\t\t\t\t\t<div class=\"elementor-image\">\n\t\t\t\t\t\t\t\t\t\t\t<a href=\"http:\/\/www.rwfund.org\/\">\n\t\t\t\t\t\t\t<img width=\"150\" height=\"75\" src=\"http:\/\/incesttraumacentar.org.rs\/wordpress\/wp-content\/uploads\/2021\/02\/rzf-logo-rgb-sr.jpg\" class=\"attachment-thumbnail size-thumbnail\" alt=\"\" loading=\"lazy\" \/>\t\t\t\t\t\t\t\t<\/a>\n\t\t\t\t\t\t\t\t\t\t\t<\/div>\n\t\t\t\t<\/div>\n\t\t\t\t<\/div>\n\t\t\t\t\t<\/div>\n\t\t<\/div>\n\t\t\t\t<div class=\"elementor-column elementor-col-25 elementor-top-column elementor-element elementor-element-44bf8ee\" data-id=\"44bf8ee\" data-element_type=\"column\">\n\t\t\t<div class=\"elementor-widget-wrap elementor-element-populated\">\n\t\t\t\t\t\t\t\t<div class=\"elementor-element elementor-element-472a71f elementor-widget elementor-widget-image\" data-id=\"472a71f\" data-element_type=\"widget\" data-widget_type=\"image.default\">\n\t\t\t\t<div class=\"elementor-widget-container\">\n\t\t\t\t\t<div class=\"elementor-image\">\n\t\t\t\t\t\t\t\t\t\t\t<a href=\"https:\/\/globalfundforchildren.org\/\">\n\t\t\t\t\t\t\t<img width=\"150\" height=\"73\" src=\"http:\/\/incesttraumacentar.org.rs\/wordpress\/wp-content\/uploads\/2021\/02\/Global-fond-for-children.png\" class=\"attachment-thumbnail size-thumbnail\" alt=\"\" loading=\"lazy\" \/>\t\t\t\t\t\t\t\t<\/a>\n\t\t\t\t\t\t\t\t\t\t\t<\/div>\n\t\t\t\t<\/div>\n\t\t\t\t<\/div>\n\t\t\t\t\t<\/div>\n\t\t<\/div>\n\t\t\t\t\t\t\t<\/div>\n\t\t<\/section>\n\t\t\t\t<section class=\"elementor-section elementor-top-section elementor-element elementor-element-c28b2e6 elementor-section-boxed elementor-section-height-default elementor-section-height-default\" data-id=\"c28b2e6\" data-element_type=\"section\">\n\t\t\t\t\t\t<div class=\"elementor-container elementor-column-gap-default\">\n\t\t\t\t\t<div class=\"elementor-column elementor-col-25 elementor-top-column elementor-element elementor-element-23761ea\" data-id=\"23761ea\" data-element_type=\"column\">\n\t\t\t<div class=\"elementor-widget-wrap\">\n\t\t\t\t\t\t\t\t\t<\/div>\n\t\t<\/div>\n\t\t\t\t<div class=\"elementor-column elementor-col-25 elementor-top-column elementor-element elementor-element-03cca1c\" data-id=\"03cca1c\" data-element_type=\"column\">\n\t\t\t<div class=\"elementor-widget-wrap elementor-element-populated\">\n\t\t\t\t\t\t\t\t<div class=\"elementor-element elementor-element-7640c0a elementor-widget elementor-widget-image\" data-id=\"7640c0a\" data-element_type=\"widget\" data-widget_type=\"image.default\">\n\t\t\t\t<div class=\"elementor-widget-container\">\n\t\t\t\t\t<div class=\"elementor-image\">\n\t\t\t\t\t\t\t\t\t\t\t<a href=\"https:\/\/www.ispcan.org\/\">\n\t\t\t\t\t\t\t<img width=\"150\" height=\"82\" src=\"http:\/\/incesttraumacentar.org.rs\/wordpress\/wp-content\/uploads\/2021\/02\/2016_ISPCAN-Logo-Final-1.jpg\" class=\"attachment-thumbnail size-thumbnail\" alt=\"\" loading=\"lazy\" \/>\t\t\t\t\t\t\t\t<\/a>\n\t\t\t\t\t\t\t\t\t\t\t<\/div>\n\t\t\t\t<\/div>\n\t\t\t\t<\/div>\n\t\t\t\t\t<\/div>\n\t\t<\/div>\n\t\t\t\t<div class=\"elementor-column elementor-col-25 elementor-top-column elementor-element elementor-element-d402614\" data-id=\"d402614\" data-element_type=\"column\">\n\t\t\t<div class=\"elementor-widget-wrap elementor-element-populated\">\n\t\t\t\t\t\t\t\t<div class=\"elementor-element elementor-element-2be0171 elementor-widget elementor-widget-image\" data-id=\"2be0171\" data-element_type=\"widget\" data-widget_type=\"image.default\">\n\t\t\t\t<div class=\"elementor-widget-container\">\n\t\t\t\t\t<div class=\"elementor-image\">\n\t\t\t\t\t\t\t\t\t\t\t<a href=\"http:\/\/arhiv.rs\/\">\n\t\t\t\t\t\t\t<img width=\"150\" height=\"74\" src=\"http:\/\/incesttraumacentar.org.rs\/wordpress\/wp-content\/uploads\/2021\/02\/logo-issn.jpg\" class=\"attachment-thumbnail size-thumbnail\" alt=\"\" loading=\"lazy\" \/>\t\t\t\t\t\t\t\t<\/a>\n\t\t\t\t\t\t\t\t\t\t\t<\/div>\n\t\t\t\t<\/div>\n\t\t\t\t<\/div>\n\t\t\t\t\t<\/div>\n\t\t<\/div>\n\t\t\t\t<div class=\"elementor-column elementor-col-25 elementor-top-column elementor-element elementor-element-a3d83cb\" data-id=\"a3d83cb\" data-element_type=\"column\">\n\t\t\t<div class=\"elementor-widget-wrap elementor-element-populated\">\n\t\t\t\t\t\t\t\t<div class=\"elementor-element elementor-element-a612be0 elementor-widget elementor-widget-image\" data-id=\"a612be0\" data-element_type=\"widget\" data-widget_type=\"image.default\">\n\t\t\t\t<div class=\"elementor-widget-container\">\n\t\t\t\t\t<div class=\"elementor-image\">\n\t\t\t\t\t\t\t\t\t\t<img width=\"150\" height=\"91\" src=\"http:\/\/incesttraumacentar.org.rs\/wordpress\/wp-content\/uploads\/2023\/04\/TACSO.jpg\" class=\"attachment-thumbnail size-thumbnail\" alt=\"\" loading=\"lazy\" \/>\t\t\t\t\t\t\t\t\t\t\t<\/div>\n\t\t\t\t<\/div>\n\t\t\t\t<\/div>\n\t\t\t\t\t<\/div>\n\t\t<\/div>\n\t\t\t\t\t\t\t<\/div>\n\t\t<\/section>\n\t\t\t\t<section class=\"elementor-section elementor-top-section elementor-element elementor-element-4f06a48 elementor-section-boxed elementor-section-height-default elementor-section-height-default\" data-id=\"4f06a48\" data-element_type=\"section\">\n\t\t\t\t\t\t<div class=\"elementor-container elementor-column-gap-default\">\n\t\t\t\t\t<div class=\"elementor-column elementor-col-100 elementor-top-column elementor-element elementor-element-bbb6865\" data-id=\"bbb6865\" data-element_type=\"column\">\n\t\t\t<div class=\"elementor-widget-wrap\">\n\t\t\t\t\t\t\t\t\t<\/div>\n\t\t<\/div>\n\t\t\t\t\t\t\t<\/div>\n\t\t<\/section>\n\t\t\t\t<section class=\"elementor-section elementor-top-section elementor-element elementor-element-a945dad elementor-section-boxed elementor-section-height-default elementor-section-height-default\" data-id=\"a945dad\" data-element_type=\"section\">\n\t\t\t\t\t\t<div class=\"elementor-container elementor-column-gap-default\">\n\t\t\t\t\t<div class=\"elementor-column elementor-col-33 elementor-top-column elementor-element elementor-element-ad73dbc\" data-id=\"ad73dbc\" data-element_type=\"column\">\n\t\t\t<div class=\"elementor-widget-wrap elementor-element-populated\">\n\t\t\t\t\t\t\t\t<div class=\"elementor-element elementor-element-f1408be elementor-widget elementor-widget-text-editor\" data-id=\"f1408be\" data-element_type=\"widget\" data-widget_type=\"text-editor.default\">\n\t\t\t\t<div class=\"elementor-widget-container\">\n\t\t\t\t\t<div class=\"elementor-text-editor elementor-clearfix\"><p style=\"text-align: justify;\"><strong>Donacije (doma<\/strong><strong>\u0107a valuta RSD)<\/strong>: Ukoliko \u017eelite da nam date donaciju u vidu nov\u010danih sredstava, broj na\u0161eg bankovnog ra\u010duna u Komercijalnoj banci, Beograd, je 205-119819-16. Molimo Vas da kao svrhu uplate navedete &#8220;donacija&#8221; i kontaktirate nas da ispunimo i potpi\u0161emo redovni Ugovor o donaciji. Ovo je veoma jednostavna procedura bez koje ne\u0107emo mo\u0107i da primimo i raspola\u017eemo Va\u0161om donacijom.<\/p><p style=\"text-align: justify;\"><strong>Donacije (strana valuta):<\/strong>\u00a0Ukoliko \u017eelite da nam date donaciju u vidu nov\u010danih sredstava u stranoj valuti, molimo Vas da nas kontaktirate kako bismo Vam poslale zvani\u010dne bankovne instrukcije u zavisnosti u kojoj stranoj valuti je Va\u0161a donacija. Molimo Vas da kao svrhu uplate navedete &#8220;donacija&#8221; i kontaktirate nas da ispunimo i potpi\u0161emo redovni Ugovor o donaciji. Ovo je veoma jednostavna procedura bez koje ne\u0107emo mo\u0107i da primimo i raspola\u017eemo Va\u0161om donacijom.<\/p><p style=\"text-align: justify;\"><strong>Mo\u017eete nam dati i donaciju u robi ili uslugama.<\/strong><\/p><p style=\"text-align: justify;\"><strong>Pisma zvani\u010dnicima:<\/strong>\u00a0Tako\u0111e mo\u017eete da \u0161aljete pisma zvani\u010dnicima poput kreatora politike i predstavnika zakona, u cilju vr\u0161enja pritiska radi ostvarenja pozitivnih promena.<\/p><p style=\"text-align: justify;\"><strong>Edukujte se:<\/strong>\u00a0Edukacija se mo\u017ee smatrati prvim i najva\u017enijim korakom u stvaranju dugoro\u010dnih dru\u0161tvenih promena, te Vam stoga hvala \u0161to \u010ditate ovaj sajt! Molimo da nas kontaktirate telefonom ili e-mailom ako Vas zanimaju:<\/p><p style=\"text-align: justify;\">-dodatni statisti\u010dki podaci i istra\u017eivanja<\/p><p style=\"text-align: lejustifyft;\">-dodatne informacije o na\u0161im komercijalnim edukativnim i preventivnim programima\u00a0(pratite Rubriku &#8220;Trening Centar&#8221;)<\/p><p style=\"text-align: justify;\">-dodatne informacije o de\u0161avanjima koja organizujemo, usmerenim na podizanje svesti \u0161ire javnosti<\/p><p style=\"text-align: justify;\"><strong>PODSETNIK<\/strong><\/p><p style=\"text-align: justify;\">Na\u0161e usluge redovne asistencije za decu i odrasle osobe koje su pre\u017eivele seksualno nasilje su\u00a0<strong>BESPLATNE!<\/strong><\/p><p style=\"text-align: justify;\">Na\u0161e aktivnosti u prevenciji seksualnog nasilja su za gra\u0111anke i gra\u0111ane\u00a0<strong>BESPLATNE!<\/strong><\/p><p style=\"text-align: justify;\"><strong>Zato po\u017eurite, uplatite svoje u\u010de\u0161\u0107e u okviru na\u0161ih edukativnih programa (na stranici &#8220;<a href=\"http:\/\/www.incesttraumacentar.org.rs\/wordpress\/index.php\/trening-centar\/\">TRENING CENTAR<\/a>&#8220;) i Va\u0161a uplata, po veoma povoljnoj ceni, direktno doprinosi odvijanju na\u0161eg rada!<\/strong><\/p><\/div>\n\t\t\t\t<\/div>\n\t\t\t\t<\/div>\n\t\t\t\t\t<\/div>\n\t\t<\/div>\n\t\t\t\t<div class=\"elementor-column elementor-col-33 elementor-top-column elementor-element elementor-element-9626b05\" data-id=\"9626b05\" data-element_type=\"column\">\n\t\t\t<div class=\"elementor-widget-wrap\">\n\t\t\t\t\t\t\t\t\t<\/div>\n\t\t<\/div>\n\t\t\t\t<div class=\"elementor-column elementor-col-33 elementor-top-column elementor-element elementor-element-238e082\" data-id=\"238e082\" data-element_type=\"column\">\n\t\t\t<div class=\"elementor-widget-wrap elementor-element-populated\">\n\t\t\t\t\t\t\t\t<div class=\"elementor-element elementor-element-1464a0d elementor-widget elementor-widget-text-editor\" data-id=\"1464a0d\" data-element_type=\"widget\" data-widget_type=\"text-editor.default\">\n\t\t\t\t<div class=\"elementor-widget-container\">\n\t\t\t\t\t<div class=\"elementor-text-editor elementor-clearfix\"><p><strong>DONATORI INCEST TRAUMA CENTRA &#8211; BEOGRAD (1994- )<\/strong><\/p><p><strong>Hronolo\u0161kim redosledom<\/strong><\/p><ul><li>Oxfam, UK<\/li><li>British Embassy, Belgrade office<\/li><li>&#8220;Little Mermaid&#8221;, the Netherlands<\/li><li>Ministry of Foreign Affairs of Netherlands<\/li><li>Renault, the Netherlands<\/li><li>Ms Charlotte Kolff<\/li><li>Ms Els Ydo<\/li><li>Ms Ady Van Doornik<\/li><li>Ms Vesna Klikovac<\/li><li>MamaCash, the Netherlands<\/li><li>UMCOR<\/li><li>UNICEF<\/li><li>Save the Children, UK<\/li><li>Belgrade City Secretariat for Social Welfare<\/li><li>The Royal Netherlands Embassy in Belgrade<\/li><li>UNHCHR<\/li><li>War Trauma Foundation, The Netherlands<\/li><li>Ministry of Health of Serbia<\/li><li>Reconstruction Women&#8217;s Fund<\/li><li>Zepter International<\/li><li>Hemofarm<\/li><li>SZTR &#8220;Vesna&#8221;, Belgrade<\/li><li>Profysport<\/li><li>UNHCR Office in Podgorica, Montenegro<\/li><li>Embassy of Sweden<\/li><li>Embassy of Australia<\/li><li>&#8220;Alfitec&#8221;<\/li><li>Canadian International Development<\/li><li>Agency<\/li><li>Ms Mirjana Zore<\/li><li>Ms Mirjana Matkovi\u0107<\/li><li>The Global Fund for Children<\/li><li>Delegation of the European Commission to the Republic of Serbia<\/li><li>City of Belgrade Secretariat for social and child welfare<\/li><li>Studio &#8220;Cube&#8221; &#8211; musical instruments<\/li><li>Atelier 212 Theatre<\/li><li>Microsoft Company in Belgrade<\/li><li>Sporting Hearts, UK<\/li><li>Ana Vra\u010darevi\u0107, World Centre of Real Aikido<\/li><li>BCIF<\/li><li>Attorney at law office \u201cTrifunovi\u0107 i Cvetkovi\u0107\u201d<\/li><li>Jugoslav Drama Theatre<\/li><li>Ms Mirjana Karanovi\u0107 and her acters\u2019 class (school year 2008\/2009)<\/li><li>Canada Fund<\/li><li>DAH THEATRE, Center for Theatre Research<\/li><li>Studio \u201cDositej\u201d, foreign languages studies<\/li><li>EBART Media Documentation<\/li><li>USAID and Institute of Sustainable Communities<\/li><li>Health center of the municipality \u201cStari Grad\u201d in Belgrade<\/li><li>Ms Sne\u017eana Bo\u0161kovi\u0107<\/li><li>Mr Milo Jakovljevi\u0107<\/li><li>INK Project<\/li><li>New Free Look LS d.o.o.<\/li><li>UNDP\/Ministry of Social Welfare\/Gender Equality Directorate<\/li><li>World Center for Real Aikido<\/li><li>Belgrade Fair<\/li><li>Opera &amp; Theatre \u201cMadlenianum\u201d<\/li><li>UNHCR in Belgrade<\/li><li>Serbia Gov. Office for Co-operation with Civil Society<\/li><li>Swedish Arts Council<\/li><li>World of Children Award, US<\/li><li>Consulate of Ireland in Belgrade and the Irish Embassy in Greece<\/li><li>EU TACSO<\/li><li>UniCredit Fondacija, Italy<\/li><\/ul><\/div>\n\t\t\t\t<\/div>\n\t\t\t\t<\/div>\n\t\t\t\t\t<\/div>\n\t\t<\/div>\n\t\t\t\t\t\t\t<\/div>\n\t\t<\/section>\n\t\t\t\t\t\t<\/div>\n\t\t\t\t\t<\/div>\n\t\t","protected":false},"excerpt":{"rendered":"<p>Donacije (doma\u0107a valuta RSD): Ukoliko \u017eelite da nam date donaciju u vidu nov\u010danih sredstava, broj na\u0161eg bankovnog ra\u010duna u Komercijalnoj banci, Beograd, je 205-119819-16. Molimo Vas da kao svrhu uplate navedete &#8220;donacija&#8221; i kontaktirate nas da ispunimo i potpi\u0161emo redovni Ugovor o donaciji. Ovo je veoma jednostavna procedura bez koje ne\u0107emo mo\u0107i da primimo i [&hellip;]<\/p>\n","protected":false},"author":1,"featured_media":0,"parent":0,"menu_order":0,"comment_status":"closed","ping_status":"closed","template":"","meta":[],"yoast_head":"<!-- This site is optimized with the Yoast SEO plugin v15.9 - https:\/\/yoast.com\/wordpress\/plugins\/seo\/ -->\n<title>DONATORI - INCEST TRAUMA CENTAR - BEOGRAD<\/title>\n<meta name=\"robots\" content=\"index, follow, max-snippet:-1, max-image-preview:large, max-video-preview:-1\" \/>\n<link rel=\"canonical\" href=\"http:\/\/incesttraumacentar.org.rs\/index.php\/donatori\/\" \/>\n<meta property=\"og:locale\" content=\"en_US\" \/>\n<meta property=\"og:type\" content=\"article\" \/>\n<meta property=\"og:title\" content=\"DONATORI - INCEST TRAUMA CENTAR - BEOGRAD\" \/>\n<meta property=\"og:description\" content=\"Donacije (doma\u0107a valuta RSD): Ukoliko \u017eelite da nam date donaciju u vidu nov\u010danih sredstava, broj na\u0161eg bankovnog ra\u010duna u Komercijalnoj banci, Beograd, je 205-119819-16. Molimo Vas da kao svrhu uplate navedete &#8220;donacija&#8221; i kontaktirate nas da ispunimo i potpi\u0161emo redovni Ugovor o donaciji. Ovo je veoma jednostavna procedura bez koje ne\u0107emo mo\u0107i da primimo i [&hellip;]\" \/>\n<meta property=\"og:url\" content=\"http:\/\/incesttraumacentar.org.rs\/index.php\/donatori\/\" \/>\n<meta property=\"og:site_name\" content=\"INCEST TRAUMA CENTAR - BEOGRAD\" \/>\n<meta property=\"article:modified_time\" content=\"2023-05-02T15:36:54+00:00\" \/>\n<meta property=\"og:image\" content=\"http:\/\/incesttraumacentar.org.rs\/wordpress\/wp-content\/uploads\/2021\/02\/EU-logo.jpg\" \/>\n<meta name=\"twitter:card\" content=\"summary_large_image\" \/>\n<meta name=\"twitter:label1\" content=\"Est. reading time\">\n\t<meta name=\"twitter:data1\" content=\"4 minutes\">\n<script type=\"application\/ld+json\" class=\"yoast-schema-graph\">{\"@context\":\"https:\/\/schema.org\",\"@graph\":[{\"@type\":\"Organization\",\"@id\":\"http:\/\/incesttraumacentar.org.rs\/#organization\",\"name\":\"INCEST TRAUMA CENTAR - BEOGRAD\",\"url\":\"http:\/\/incesttraumacentar.org.rs\/\",\"sameAs\":[],\"logo\":{\"@type\":\"ImageObject\",\"@id\":\"http:\/\/incesttraumacentar.org.rs\/#logo\",\"inLanguage\":\"en-US\",\"url\":\"http:\/\/incesttraumacentar.org.rs\/wordpress\/wp-content\/uploads\/2021\/02\/logo.png\",\"width\":82,\"height\":131,\"caption\":\"INCEST TRAUMA CENTAR - BEOGRAD\"},\"image\":{\"@id\":\"http:\/\/incesttraumacentar.org.rs\/#logo\"}},{\"@type\":\"WebSite\",\"@id\":\"http:\/\/incesttraumacentar.org.rs\/#website\",\"url\":\"http:\/\/incesttraumacentar.org.rs\/\",\"name\":\"INCEST TRAUMA CENTAR - BEOGRAD\",\"description\":\"\",\"publisher\":{\"@id\":\"http:\/\/incesttraumacentar.org.rs\/#organization\"},\"potentialAction\":[{\"@type\":\"SearchAction\",\"target\":\"http:\/\/incesttraumacentar.org.rs\/?s={search_term_string}\",\"query-input\":\"required name=search_term_string\"}],\"inLanguage\":\"en-US\"},{\"@type\":\"ImageObject\",\"@id\":\"http:\/\/incesttraumacentar.org.rs\/index.php\/donatori\/#primaryimage\",\"inLanguage\":\"en-US\",\"url\":\"http:\/\/incesttraumacentar.org.rs\/wordpress\/wp-content\/uploads\/2021\/02\/EU-logo.jpg\",\"width\":200,\"height\":165},{\"@type\":\"WebPage\",\"@id\":\"http:\/\/incesttraumacentar.org.rs\/index.php\/donatori\/#webpage\",\"url\":\"http:\/\/incesttraumacentar.org.rs\/index.php\/donatori\/\",\"name\":\"DONATORI - INCEST TRAUMA CENTAR - BEOGRAD\",\"isPartOf\":{\"@id\":\"http:\/\/incesttraumacentar.org.rs\/#website\"},\"primaryImageOfPage\":{\"@id\":\"http:\/\/incesttraumacentar.org.rs\/index.php\/donatori\/#primaryimage\"},\"datePublished\":\"2021-02-25T23:47:45+00:00\",\"dateModified\":\"2023-05-02T15:36:54+00:00\",\"breadcrumb\":{\"@id\":\"http:\/\/incesttraumacentar.org.rs\/index.php\/donatori\/#breadcrumb\"},\"inLanguage\":\"en-US\",\"potentialAction\":[{\"@type\":\"ReadAction\",\"target\":[\"http:\/\/incesttraumacentar.org.rs\/index.php\/donatori\/\"]}]},{\"@type\":\"BreadcrumbList\",\"@id\":\"http:\/\/incesttraumacentar.org.rs\/index.php\/donatori\/#breadcrumb\",\"itemListElement\":[{\"@type\":\"ListItem\",\"position\":1,\"item\":{\"@type\":\"WebPage\",\"@id\":\"http:\/\/incesttraumacentar.org.rs\/\",\"url\":\"http:\/\/incesttraumacentar.org.rs\/\",\"name\":\"Home\"}},{\"@type\":\"ListItem\",\"position\":2,\"item\":{\"@type\":\"WebPage\",\"@id\":\"http:\/\/incesttraumacentar.org.rs\/index.php\/donatori\/\",\"url\":\"http:\/\/incesttraumacentar.org.rs\/index.php\/donatori\/\",\"name\":\"DONATORI\"}}]}]}<\/script>\n<!-- \/ Yoast SEO plugin. -->","_links":{"self":[{"href":"http:\/\/incesttraumacentar.org.rs\/index.php\/wp-json\/wp\/v2\/pages\/31"}],"collection":[{"href":"http:\/\/incesttraumacentar.org.rs\/index.php\/wp-json\/wp\/v2\/pages"}],"about":[{"href":"http:\/\/incesttraumacentar.org.rs\/index.php\/wp-json\/wp\/v2\/types\/page"}],"author":[{"embeddable":true,"href":"http:\/\/incesttraumacentar.org.rs\/index.php\/wp-json\/wp\/v2\/users\/1"}],"replies":[{"embeddable":true,"href":"http:\/\/incesttraumacentar.org.rs\/index.php\/wp-json\/wp\/v2\/comments?post=31"}],"version-history":[{"count":37,"href":"http:\/\/incesttraumacentar.org.rs\/index.php\/wp-json\/wp\/v2\/pages\/31\/revisions"}],"predecessor-version":[{"id":1796,"href":"http:\/\/incesttraumacentar.org.rs\/index.php\/wp-json\/wp\/v2\/pages\/31\/revisions\/1796"}],"wp:attachment":[{"href":"http:\/\/incesttraumacentar.org.rs\/index.php\/wp-json\/wp\/v2\/media?parent=31"}],"curies":[{"name":"wp","href":"https:\/\/api.w.org\/{rel}","templated":true}]}}