{"id":22,"date":"2021-02-25T23:36:15","date_gmt":"2021-02-25T23:36:15","guid":{"rendered":"http:\/\/www.incesttraumacentar.org.rs\/wordpress\/?page_id=22"},"modified":"2021-03-05T09:58:38","modified_gmt":"2021-03-05T09:58:38","slug":"grupni-rad-u-praksi","status":"publish","type":"page","link":"http:\/\/incesttraumacentar.org.rs\/index.php\/grupni-rad-u-praksi\/","title":{"rendered":"GRUPNI RAD U PRAKSI"},"content":{"rendered":"\t\t<div data-elementor-type=\"wp-page\" data-elementor-id=\"22\" class=\"elementor elementor-22\" data-elementor-settings=\"[]\">\n\t\t\t\t\t\t\t<div class=\"elementor-section-wrap\">\n\t\t\t\t\t\t\t<section class=\"elementor-section elementor-top-section elementor-element elementor-element-0780890 elementor-section-boxed elementor-section-height-default elementor-section-height-default\" data-id=\"0780890\" data-element_type=\"section\">\n\t\t\t\t\t\t<div class=\"elementor-container elementor-column-gap-default\">\n\t\t\t\t\t<div class=\"elementor-column elementor-col-100 elementor-top-column elementor-element elementor-element-d28d7a2\" data-id=\"d28d7a2\" data-element_type=\"column\">\n\t\t\t<div class=\"elementor-widget-wrap elementor-element-populated\">\n\t\t\t\t\t\t\t\t<div class=\"elementor-element elementor-element-3a2dafd elementor-widget elementor-widget-spacer\" data-id=\"3a2dafd\" data-element_type=\"widget\" data-widget_type=\"spacer.default\">\n\t\t\t\t<div class=\"elementor-widget-container\">\n\t\t\t\t\t<div class=\"elementor-spacer\">\n\t\t\t<div class=\"elementor-spacer-inner\"><\/div>\n\t\t<\/div>\n\t\t\t\t<\/div>\n\t\t\t\t<\/div>\n\t\t\t\t\t<\/div>\n\t\t<\/div>\n\t\t\t\t\t\t\t<\/div>\n\t\t<\/section>\n\t\t\t\t<section class=\"elementor-section elementor-top-section elementor-element elementor-element-186526f elementor-section-boxed elementor-section-height-default elementor-section-height-default\" data-id=\"186526f\" data-element_type=\"section\">\n\t\t\t\t\t\t<div class=\"elementor-container elementor-column-gap-default\">\n\t\t\t\t\t<div class=\"elementor-column elementor-col-100 elementor-top-column elementor-element elementor-element-58fecb1\" data-id=\"58fecb1\" data-element_type=\"column\">\n\t\t\t<div class=\"elementor-widget-wrap elementor-element-populated\">\n\t\t\t\t\t\t\t\t<div class=\"elementor-element elementor-element-615d1c4 elementor-widget elementor-widget-image\" data-id=\"615d1c4\" data-element_type=\"widget\" data-widget_type=\"image.default\">\n\t\t\t\t<div class=\"elementor-widget-container\">\n\t\t\t\t\t<div class=\"elementor-image\">\n\t\t\t\t\t\t\t\t\t\t<img width=\"1500\" height=\"597\" src=\"http:\/\/incesttraumacentar.org.rs\/wordpress\/wp-content\/uploads\/2021\/03\/banner-Miran-kutak-za-ucenje-mail-verzija.jpg\" class=\"attachment-full size-full\" alt=\"\" loading=\"lazy\" \/>\t\t\t\t\t\t\t\t\t\t\t<\/div>\n\t\t\t\t<\/div>\n\t\t\t\t<\/div>\n\t\t\t\t\t<\/div>\n\t\t<\/div>\n\t\t\t\t\t\t\t<\/div>\n\t\t<\/section>\n\t\t\t\t<section class=\"elementor-section elementor-top-section elementor-element elementor-element-85e091b elementor-section-boxed elementor-section-height-default elementor-section-height-default\" data-id=\"85e091b\" data-element_type=\"section\">\n\t\t\t\t\t\t<div class=\"elementor-container elementor-column-gap-default\">\n\t\t\t\t\t<div class=\"elementor-column elementor-col-100 elementor-top-column elementor-element elementor-element-546789f\" data-id=\"546789f\" data-element_type=\"column\">\n\t\t\t<div class=\"elementor-widget-wrap elementor-element-populated\">\n\t\t\t\t\t\t\t\t<div class=\"elementor-element elementor-element-1637278 elementor-widget elementor-widget-spacer\" data-id=\"1637278\" data-element_type=\"widget\" data-widget_type=\"spacer.default\">\n\t\t\t\t<div class=\"elementor-widget-container\">\n\t\t\t\t\t<div class=\"elementor-spacer\">\n\t\t\t<div class=\"elementor-spacer-inner\"><\/div>\n\t\t<\/div>\n\t\t\t\t<\/div>\n\t\t\t\t<\/div>\n\t\t\t\t\t<\/div>\n\t\t<\/div>\n\t\t\t\t\t\t\t<\/div>\n\t\t<\/section>\n\t\t\t\t<section class=\"elementor-section elementor-top-section elementor-element elementor-element-9dee511 elementor-section-boxed elementor-section-height-default elementor-section-height-default\" data-id=\"9dee511\" data-element_type=\"section\">\n\t\t\t\t\t\t<div class=\"elementor-container elementor-column-gap-default\">\n\t\t\t\t\t<div class=\"elementor-column elementor-col-100 elementor-top-column elementor-element elementor-element-6cba13e\" data-id=\"6cba13e\" data-element_type=\"column\">\n\t\t\t<div class=\"elementor-widget-wrap elementor-element-populated\">\n\t\t\t\t\t\t\t\t<div class=\"elementor-element elementor-element-4556496 elementor-widget elementor-widget-text-editor\" data-id=\"4556496\" data-element_type=\"widget\" data-widget_type=\"text-editor.default\">\n\t\t\t\t<div class=\"elementor-widget-container\">\n\t\t\t\t\t<div class=\"elementor-text-editor elementor-clearfix\"><p style=\"font-weight: 400;\"><span style=\"color: #3366ff;\">Zasnovano na na\u0161em iskustvu, organizacije nam naj\u010de\u0161\u0107e tra\u017ee slede\u0107e usluge i stojimo vam na raspolaganju:<\/span><\/p><p style=\"font-weight: 400;\">&#8211; Pomo\u0107 organizacijama u vezi sa pitanjima organizacionog razvoja: od organizacija u formiranju\/osnivanju do razvijenih organizacija sa dugogodi\u0161njim iskustvom u radu<\/p><p style=\"font-weight: 400;\">Neki primeri:<\/p><p style=\"font-weight: 400;\">A) Strate\u0161ko planiranje za organizacije koje rade u oblasti nasilja nad \u017eenama i decom<\/p><p style=\"font-weight: 400;\">B) Strate\u0161ko planiranje za organizacije koje rade u oblasti razli\u010ditosti<\/p><p style=\"font-weight: 400;\">&#8211; Supervizija organizacionih pitanja, facilitacija timskog rada i grupno dinami\u010dkih procesa<\/p><p style=\"font-weight: 400;\">&#8211; Supervizija rada na slu\u010dajevima nasilja nad \u017eenama i decom (razgovor o slu\u010dajevima i li\u010dnim procesima pomaga\u010d(ic)a)<\/p><p style=\"font-weight: 400;\">&#8211; Specijalisti\u010dki treninzi (pogledaj pod\u00a0<strong><a href=\"http:\/\/www.incesttraumacentar.org.rs\/wordpress\/index.php\/sr\/trening-centar\/\">Trening Centar<\/a><\/strong>)<\/p><p style=\"font-weight: 400;\">&#8211; Usluge pomo\u0107i u osmi\u0161ljavanju, koncipiranju i pisanju predloga projekata u vezi sa temama na kojima radimo 27 godina (uklju\u010duju\u0107i pomo\u0107 u vezi sa stru\u010dnom terminologijom u okviru prevodjenja predloga projekata i potrebne stru\u010dne literature na engleski i sa engleskog jezika).<\/p><p style=\"font-weight: 400;\">Verujemo u zajedni\u010dki proces tokom kojeg biste nam u pripremnoj fazi detaljno objasnili \u0161ta vam je potrebno kao pobolj\u0161anje u radu i da u skladu s tim na\u0161 tim formuli\u0161e sadr\u017eaj i metodologiju rada (tailor-made pristup).<\/p><\/div>\n\t\t\t\t<\/div>\n\t\t\t\t<\/div>\n\t\t\t\t\t<\/div>\n\t\t<\/div>\n\t\t\t\t\t\t\t<\/div>\n\t\t<\/section>\n\t\t\t\t\t\t<\/div>\n\t\t\t\t\t<\/div>\n\t\t","protected":false},"excerpt":{"rendered":"<p>Zasnovano na na\u0161em iskustvu, organizacije nam naj\u010de\u0161\u0107e tra\u017ee slede\u0107e usluge i stojimo vam na raspolaganju: &#8211; Pomo\u0107 organizacijama u vezi sa pitanjima organizacionog razvoja: od organizacija u formiranju\/osnivanju do razvijenih organizacija sa dugogodi\u0161njim iskustvom u radu Neki primeri: A) Strate\u0161ko planiranje za organizacije koje rade u oblasti nasilja nad \u017eenama i decom B) Strate\u0161ko planiranje [&hellip;]<\/p>\n","protected":false},"author":1,"featured_media":0,"parent":0,"menu_order":0,"comment_status":"closed","ping_status":"closed","template":"","meta":[],"yoast_head":"<!-- This site is optimized with the Yoast SEO plugin v15.9 - https:\/\/yoast.com\/wordpress\/plugins\/seo\/ -->\n<title>GRUPNI RAD U PRAKSI - INCEST TRAUMA CENTAR - BEOGRAD<\/title>\n<meta name=\"robots\" content=\"index, follow, max-snippet:-1, max-image-preview:large, max-video-preview:-1\" \/>\n<link rel=\"canonical\" href=\"http:\/\/incesttraumacentar.org.rs\/index.php\/grupni-rad-u-praksi\/\" \/>\n<meta property=\"og:locale\" content=\"en_US\" \/>\n<meta property=\"og:type\" content=\"article\" \/>\n<meta property=\"og:title\" content=\"GRUPNI RAD U PRAKSI - INCEST TRAUMA CENTAR - BEOGRAD\" \/>\n<meta property=\"og:description\" content=\"Zasnovano na na\u0161em iskustvu, organizacije nam naj\u010de\u0161\u0107e tra\u017ee slede\u0107e usluge i stojimo vam na raspolaganju: &#8211; Pomo\u0107 organizacijama u vezi sa pitanjima organizacionog razvoja: od organizacija u formiranju\/osnivanju do razvijenih organizacija sa dugogodi\u0161njim iskustvom u radu Neki primeri: A) Strate\u0161ko planiranje za organizacije koje rade u oblasti nasilja nad \u017eenama i decom B) Strate\u0161ko planiranje [&hellip;]\" \/>\n<meta property=\"og:url\" content=\"http:\/\/incesttraumacentar.org.rs\/index.php\/grupni-rad-u-praksi\/\" \/>\n<meta property=\"og:site_name\" content=\"INCEST TRAUMA CENTAR - BEOGRAD\" \/>\n<meta property=\"article:modified_time\" content=\"2021-03-05T09:58:38+00:00\" \/>\n<meta name=\"twitter:card\" content=\"summary_large_image\" \/>\n<meta name=\"twitter:label1\" content=\"Est. reading time\">\n\t<meta name=\"twitter:data1\" content=\"1 minute\">\n<script type=\"application\/ld+json\" class=\"yoast-schema-graph\">{\"@context\":\"https:\/\/schema.org\",\"@graph\":[{\"@type\":\"Organization\",\"@id\":\"http:\/\/incesttraumacentar.org.rs\/#organization\",\"name\":\"INCEST TRAUMA CENTAR - BEOGRAD\",\"url\":\"http:\/\/incesttraumacentar.org.rs\/\",\"sameAs\":[],\"logo\":{\"@type\":\"ImageObject\",\"@id\":\"http:\/\/incesttraumacentar.org.rs\/#logo\",\"inLanguage\":\"en-US\",\"url\":\"http:\/\/incesttraumacentar.org.rs\/wordpress\/wp-content\/uploads\/2021\/02\/logo.png\",\"width\":82,\"height\":131,\"caption\":\"INCEST TRAUMA CENTAR - BEOGRAD\"},\"image\":{\"@id\":\"http:\/\/incesttraumacentar.org.rs\/#logo\"}},{\"@type\":\"WebSite\",\"@id\":\"http:\/\/incesttraumacentar.org.rs\/#website\",\"url\":\"http:\/\/incesttraumacentar.org.rs\/\",\"name\":\"INCEST TRAUMA CENTAR - BEOGRAD\",\"description\":\"\",\"publisher\":{\"@id\":\"http:\/\/incesttraumacentar.org.rs\/#organization\"},\"potentialAction\":[{\"@type\":\"SearchAction\",\"target\":\"http:\/\/incesttraumacentar.org.rs\/?s={search_term_string}\",\"query-input\":\"required name=search_term_string\"}],\"inLanguage\":\"en-US\"},{\"@type\":\"ImageObject\",\"@id\":\"http:\/\/incesttraumacentar.org.rs\/index.php\/grupni-rad-u-praksi\/#primaryimage\",\"inLanguage\":\"en-US\",\"url\":\"http:\/\/www.incesttraumacentar.org.rs\/wordpress\/wp-content\/uploads\/2021\/03\/banner-Miran-kutak-za-ucenje-mail-verzija.jpg\"},{\"@type\":\"WebPage\",\"@id\":\"http:\/\/incesttraumacentar.org.rs\/index.php\/grupni-rad-u-praksi\/#webpage\",\"url\":\"http:\/\/incesttraumacentar.org.rs\/index.php\/grupni-rad-u-praksi\/\",\"name\":\"GRUPNI RAD U PRAKSI - INCEST TRAUMA CENTAR - BEOGRAD\",\"isPartOf\":{\"@id\":\"http:\/\/incesttraumacentar.org.rs\/#website\"},\"primaryImageOfPage\":{\"@id\":\"http:\/\/incesttraumacentar.org.rs\/index.php\/grupni-rad-u-praksi\/#primaryimage\"},\"datePublished\":\"2021-02-25T23:36:15+00:00\",\"dateModified\":\"2021-03-05T09:58:38+00:00\",\"breadcrumb\":{\"@id\":\"http:\/\/incesttraumacentar.org.rs\/index.php\/grupni-rad-u-praksi\/#breadcrumb\"},\"inLanguage\":\"en-US\",\"potentialAction\":[{\"@type\":\"ReadAction\",\"target\":[\"http:\/\/incesttraumacentar.org.rs\/index.php\/grupni-rad-u-praksi\/\"]}]},{\"@type\":\"BreadcrumbList\",\"@id\":\"http:\/\/incesttraumacentar.org.rs\/index.php\/grupni-rad-u-praksi\/#breadcrumb\",\"itemListElement\":[{\"@type\":\"ListItem\",\"position\":1,\"item\":{\"@type\":\"WebPage\",\"@id\":\"http:\/\/incesttraumacentar.org.rs\/\",\"url\":\"http:\/\/incesttraumacentar.org.rs\/\",\"name\":\"Home\"}},{\"@type\":\"ListItem\",\"position\":2,\"item\":{\"@type\":\"WebPage\",\"@id\":\"http:\/\/incesttraumacentar.org.rs\/index.php\/grupni-rad-u-praksi\/\",\"url\":\"http:\/\/incesttraumacentar.org.rs\/index.php\/grupni-rad-u-praksi\/\",\"name\":\"GRUPNI RAD U PRAKSI\"}}]}]}<\/script>\n<!-- \/ Yoast SEO plugin. -->","_links":{"self":[{"href":"http:\/\/incesttraumacentar.org.rs\/index.php\/wp-json\/wp\/v2\/pages\/22"}],"collection":[{"href":"http:\/\/incesttraumacentar.org.rs\/index.php\/wp-json\/wp\/v2\/pages"}],"about":[{"href":"http:\/\/incesttraumacentar.org.rs\/index.php\/wp-json\/wp\/v2\/types\/page"}],"author":[{"embeddable":true,"href":"http:\/\/incesttraumacentar.org.rs\/index.php\/wp-json\/wp\/v2\/users\/1"}],"replies":[{"embeddable":true,"href":"http:\/\/incesttraumacentar.org.rs\/index.php\/wp-json\/wp\/v2\/comments?post=22"}],"version-history":[{"count":19,"href":"http:\/\/incesttraumacentar.org.rs\/index.php\/wp-json\/wp\/v2\/pages\/22\/revisions"}],"predecessor-version":[{"id":925,"href":"http:\/\/incesttraumacentar.org.rs\/index.php\/wp-json\/wp\/v2\/pages\/22\/revisions\/925"}],"wp:attachment":[{"href":"http:\/\/incesttraumacentar.org.rs\/index.php\/wp-json\/wp\/v2\/media?parent=22"}],"curies":[{"name":"wp","href":"https:\/\/api.w.org\/{rel}","templated":true}]}}