{"id":18,"date":"2021-02-25T23:32:53","date_gmt":"2021-02-25T23:32:53","guid":{"rendered":"http:\/\/www.incesttraumacentar.org.rs\/wordpress\/?page_id=18"},"modified":"2021-03-11T05:40:12","modified_gmt":"2021-03-11T05:40:12","slug":"trening-centar","status":"publish","type":"page","link":"http:\/\/incesttraumacentar.org.rs\/index.php\/trening-centar\/","title":{"rendered":"TRENING CENTAR"},"content":{"rendered":"\t\t<div data-elementor-type=\"wp-page\" data-elementor-id=\"18\" class=\"elementor elementor-18\" data-elementor-settings=\"[]\">\n\t\t\t\t\t\t\t<div class=\"elementor-section-wrap\">\n\t\t\t\t\t\t\t<section class=\"elementor-section elementor-top-section elementor-element elementor-element-9a1f486 elementor-section-boxed elementor-section-height-default elementor-section-height-default\" data-id=\"9a1f486\" data-element_type=\"section\">\n\t\t\t\t\t\t<div class=\"elementor-container elementor-column-gap-default\">\n\t\t\t\t\t<div class=\"elementor-column elementor-col-100 elementor-top-column elementor-element elementor-element-3556584\" data-id=\"3556584\" data-element_type=\"column\">\n\t\t\t<div class=\"elementor-widget-wrap elementor-element-populated\">\n\t\t\t\t\t\t\t\t<div class=\"elementor-element elementor-element-d01800f elementor-widget elementor-widget-spacer\" data-id=\"d01800f\" data-element_type=\"widget\" data-widget_type=\"spacer.default\">\n\t\t\t\t<div class=\"elementor-widget-container\">\n\t\t\t\t\t<div class=\"elementor-spacer\">\n\t\t\t<div class=\"elementor-spacer-inner\"><\/div>\n\t\t<\/div>\n\t\t\t\t<\/div>\n\t\t\t\t<\/div>\n\t\t\t\t\t<\/div>\n\t\t<\/div>\n\t\t\t\t\t\t\t<\/div>\n\t\t<\/section>\n\t\t\t\t<section class=\"elementor-section elementor-top-section elementor-element elementor-element-14d0f49 elementor-section-boxed elementor-section-height-default elementor-section-height-default\" data-id=\"14d0f49\" data-element_type=\"section\">\n\t\t\t\t\t\t<div class=\"elementor-container elementor-column-gap-default\">\n\t\t\t\t\t<div class=\"elementor-column elementor-col-100 elementor-top-column elementor-element elementor-element-a14746d\" data-id=\"a14746d\" data-element_type=\"column\">\n\t\t\t<div class=\"elementor-widget-wrap elementor-element-populated\">\n\t\t\t\t\t\t\t\t<div class=\"elementor-element elementor-element-f011028 elementor-widget elementor-widget-image\" data-id=\"f011028\" data-element_type=\"widget\" data-widget_type=\"image.default\">\n\t\t\t\t<div class=\"elementor-widget-container\">\n\t\t\t\t\t<div class=\"elementor-image\">\n\t\t\t\t\t\t\t\t\t\t<img width=\"1500\" height=\"597\" src=\"http:\/\/incesttraumacentar.org.rs\/wordpress\/wp-content\/uploads\/2021\/03\/banner-Miran-kutak-za-ucenje-mail-verzija.jpg\" class=\"attachment-full size-full\" alt=\"\" loading=\"lazy\" \/>\t\t\t\t\t\t\t\t\t\t\t<\/div>\n\t\t\t\t<\/div>\n\t\t\t\t<\/div>\n\t\t\t\t\t<\/div>\n\t\t<\/div>\n\t\t\t\t\t\t\t<\/div>\n\t\t<\/section>\n\t\t\t\t<section class=\"elementor-section elementor-top-section elementor-element elementor-element-7d968ec elementor-section-boxed elementor-section-height-default elementor-section-height-default\" data-id=\"7d968ec\" data-element_type=\"section\">\n\t\t\t\t\t\t<div class=\"elementor-container elementor-column-gap-default\">\n\t\t\t\t\t<div class=\"elementor-column elementor-col-100 elementor-top-column elementor-element elementor-element-feaf2ec\" data-id=\"feaf2ec\" data-element_type=\"column\">\n\t\t\t<div class=\"elementor-widget-wrap elementor-element-populated\">\n\t\t\t\t\t\t\t\t<div class=\"elementor-element elementor-element-dbdba0b elementor-widget elementor-widget-spacer\" data-id=\"dbdba0b\" data-element_type=\"widget\" data-widget_type=\"spacer.default\">\n\t\t\t\t<div class=\"elementor-widget-container\">\n\t\t\t\t\t<div class=\"elementor-spacer\">\n\t\t\t<div class=\"elementor-spacer-inner\"><\/div>\n\t\t<\/div>\n\t\t\t\t<\/div>\n\t\t\t\t<\/div>\n\t\t\t\t\t<\/div>\n\t\t<\/div>\n\t\t\t\t\t\t\t<\/div>\n\t\t<\/section>\n\t\t\t\t<section class=\"elementor-section elementor-top-section elementor-element elementor-element-bc609ca elementor-section-boxed elementor-section-height-default elementor-section-height-default\" data-id=\"bc609ca\" data-element_type=\"section\">\n\t\t\t\t\t\t<div class=\"elementor-container elementor-column-gap-default\">\n\t\t\t\t\t<div class=\"elementor-column elementor-col-100 elementor-top-column elementor-element elementor-element-6d05fb8\" data-id=\"6d05fb8\" data-element_type=\"column\">\n\t\t\t<div class=\"elementor-widget-wrap elementor-element-populated\">\n\t\t\t\t\t\t\t\t<div class=\"elementor-element elementor-element-2ab92ff elementor-widget elementor-widget-text-editor\" data-id=\"2ab92ff\" data-element_type=\"widget\" data-widget_type=\"text-editor.default\">\n\t\t\t\t<div class=\"elementor-widget-container\">\n\t\t\t\t\t<div class=\"elementor-text-editor elementor-clearfix\"><p style=\"font-weight: 400; text-align: justify;\"><span style=\"color: #3366ff;\">Ako vam je potrebna supervizija ili specijalisti\u010dki trening, pi\u0161ite nam na\u00a0itcentar@eunet.rs\u00a0.<\/span><\/p><p style=\"font-weight: 400; text-align: justify;\">Oblasti u kojima vam mo\u017eemo unaprediti znanje i ve\u0161tine su:<\/p><p><strong><span style=\"color: #cc3366;\">1. <\/span><\/strong>Seksualno zlostavljanje dece unutar porodice<\/p><p><strong><span style=\"color: #cc3366;\">2. <\/span><\/strong>Seksualno nasilje nad decom i \u017eenama \u2013 intervencija<\/p><p><strong><span style=\"color: #cc3366;\">3. <\/span><\/strong>Prevencija seksualnog nasilja nad decom i \u017eenama<\/p><p><strong><span style=\"color: #cc3366;\">4. <\/span><\/strong>Nasilje nad \u017eenama i decom (nasilje u porodici: emocionalno, fizi\u010dko, ekonomsko)<\/p><p><strong><span style=\"color: #cc3366;\">5. <\/span><\/strong>Upravljanje i razvoj u nevladinim organizacijama<\/p><p><strong><span style=\"color: #cc3366;\">6. <\/span><\/strong>Strate\u0161ko planiranje i vo\u0111enje Nacionalne kampanje protiv seksualnog nasilja (uklju\u010duju\u0107i kampanje manjeg obima u lokalnim zajednicama)<\/p><p><strong><span style=\"color: #cc3366;\">7. <\/span><\/strong>Razli\u010ditosti (unutar ove oblasti, imamo posebno razvijene module o Seksualnim razli\u010ditostima)<\/p><p><strong><span style=\"color: #cc3366;\">8. <\/span><\/strong>Odnosi s javno\u0161\u0107u (primenjeno na oblast nasilja nad decom i \u017eenama)<\/p><p style=\"font-weight: 400; text-align: justify;\">Trenerica koja vodi Trenerski tim Incest\u00a0Trauma\u00a0Centra \u2013 Beograd je sertifikovana supervizorka i trenerica u oblasti za\u0161tite deteta od strane NSPCC, UK, (2012-2013.) i poseduje akreditaciju trenerice za trener(ic)e u oblasti za\u0161tite deteta izdatu od strane NSPCC, UK (2016).<\/p><p style=\"font-weight: 400; text-align: justify;\">U okviru gore navedenih \u0161irokih oblasti od 1 do 8, verujemo u zajedni\u010dki proces tokom kojeg biste nam u pripremnoj fazi detaljno objasnili \u0161ta vam je potrebno kao pobolj\u0161anje u radu i da u skladu s tim formuli\u0161emo Program specijalisti\u010dkog treninga (tailor-made pristup).<\/p><p style=\"font-weight: 400; text-align: justify;\">Svi edukativni i preventivni programi Incest Trauma Centra \u2013 Beograd su osmi\u0161ljeni i realizovani na osnovu direktnog svakodnevnog prakti\u010dnog rada na\u0161eg tima sa decom i \u017eenama koji su pre\u017eiveli seksualno i druge vidove nasilja.<\/p><\/div>\n\t\t\t\t<\/div>\n\t\t\t\t<\/div>\n\t\t\t\t\t<\/div>\n\t\t<\/div>\n\t\t\t\t\t\t\t<\/div>\n\t\t<\/section>\n\t\t\t\t\t\t<\/div>\n\t\t\t\t\t<\/div>\n\t\t","protected":false},"excerpt":{"rendered":"<p>Ako vam je potrebna supervizija ili specijalisti\u010dki trening, pi\u0161ite nam na\u00a0itcentar@eunet.rs\u00a0. Oblasti u kojima vam mo\u017eemo unaprediti znanje i ve\u0161tine su: 1. Seksualno zlostavljanje dece unutar porodice 2. Seksualno nasilje nad decom i \u017eenama \u2013 intervencija 3. Prevencija seksualnog nasilja nad decom i \u017eenama 4. Nasilje nad \u017eenama i decom (nasilje u porodici: emocionalno, fizi\u010dko, [&hellip;]<\/p>\n","protected":false},"author":1,"featured_media":0,"parent":0,"menu_order":0,"comment_status":"closed","ping_status":"closed","template":"","meta":[],"yoast_head":"<!-- This site is optimized with the Yoast SEO plugin v15.9 - https:\/\/yoast.com\/wordpress\/plugins\/seo\/ -->\n<title>TRENING CENTAR - INCEST TRAUMA CENTAR - BEOGRAD<\/title>\n<meta name=\"robots\" content=\"index, follow, max-snippet:-1, max-image-preview:large, max-video-preview:-1\" \/>\n<link rel=\"canonical\" href=\"http:\/\/incesttraumacentar.org.rs\/index.php\/trening-centar\/\" \/>\n<meta property=\"og:locale\" content=\"en_US\" \/>\n<meta property=\"og:type\" content=\"article\" \/>\n<meta property=\"og:title\" content=\"TRENING CENTAR - INCEST TRAUMA CENTAR - BEOGRAD\" \/>\n<meta property=\"og:description\" content=\"Ako vam je potrebna supervizija ili specijalisti\u010dki trening, pi\u0161ite nam na\u00a0itcentar@eunet.rs\u00a0. Oblasti u kojima vam mo\u017eemo unaprediti znanje i ve\u0161tine su: 1. Seksualno zlostavljanje dece unutar porodice 2. Seksualno nasilje nad decom i \u017eenama \u2013 intervencija 3. Prevencija seksualnog nasilja nad decom i \u017eenama 4. Nasilje nad \u017eenama i decom (nasilje u porodici: emocionalno, fizi\u010dko, [&hellip;]\" \/>\n<meta property=\"og:url\" content=\"http:\/\/incesttraumacentar.org.rs\/index.php\/trening-centar\/\" \/>\n<meta property=\"og:site_name\" content=\"INCEST TRAUMA CENTAR - BEOGRAD\" \/>\n<meta property=\"article:modified_time\" content=\"2021-03-11T05:40:12+00:00\" \/>\n<meta name=\"twitter:card\" content=\"summary_large_image\" \/>\n<meta name=\"twitter:label1\" content=\"Est. reading time\">\n\t<meta name=\"twitter:data1\" content=\"1 minute\">\n<script type=\"application\/ld+json\" class=\"yoast-schema-graph\">{\"@context\":\"https:\/\/schema.org\",\"@graph\":[{\"@type\":\"Organization\",\"@id\":\"http:\/\/incesttraumacentar.org.rs\/#organization\",\"name\":\"INCEST TRAUMA CENTAR - BEOGRAD\",\"url\":\"http:\/\/incesttraumacentar.org.rs\/\",\"sameAs\":[],\"logo\":{\"@type\":\"ImageObject\",\"@id\":\"http:\/\/incesttraumacentar.org.rs\/#logo\",\"inLanguage\":\"en-US\",\"url\":\"http:\/\/incesttraumacentar.org.rs\/wordpress\/wp-content\/uploads\/2021\/02\/logo.png\",\"width\":82,\"height\":131,\"caption\":\"INCEST TRAUMA CENTAR - BEOGRAD\"},\"image\":{\"@id\":\"http:\/\/incesttraumacentar.org.rs\/#logo\"}},{\"@type\":\"WebSite\",\"@id\":\"http:\/\/incesttraumacentar.org.rs\/#website\",\"url\":\"http:\/\/incesttraumacentar.org.rs\/\",\"name\":\"INCEST TRAUMA CENTAR - BEOGRAD\",\"description\":\"\",\"publisher\":{\"@id\":\"http:\/\/incesttraumacentar.org.rs\/#organization\"},\"potentialAction\":[{\"@type\":\"SearchAction\",\"target\":\"http:\/\/incesttraumacentar.org.rs\/?s={search_term_string}\",\"query-input\":\"required name=search_term_string\"}],\"inLanguage\":\"en-US\"},{\"@type\":\"ImageObject\",\"@id\":\"http:\/\/incesttraumacentar.org.rs\/index.php\/trening-centar\/#primaryimage\",\"inLanguage\":\"en-US\",\"url\":\"http:\/\/www.incesttraumacentar.org.rs\/wordpress\/wp-content\/uploads\/2021\/03\/banner-Miran-kutak-za-ucenje-mail-verzija.jpg\"},{\"@type\":\"WebPage\",\"@id\":\"http:\/\/incesttraumacentar.org.rs\/index.php\/trening-centar\/#webpage\",\"url\":\"http:\/\/incesttraumacentar.org.rs\/index.php\/trening-centar\/\",\"name\":\"TRENING CENTAR - INCEST TRAUMA CENTAR - BEOGRAD\",\"isPartOf\":{\"@id\":\"http:\/\/incesttraumacentar.org.rs\/#website\"},\"primaryImageOfPage\":{\"@id\":\"http:\/\/incesttraumacentar.org.rs\/index.php\/trening-centar\/#primaryimage\"},\"datePublished\":\"2021-02-25T23:32:53+00:00\",\"dateModified\":\"2021-03-11T05:40:12+00:00\",\"breadcrumb\":{\"@id\":\"http:\/\/incesttraumacentar.org.rs\/index.php\/trening-centar\/#breadcrumb\"},\"inLanguage\":\"en-US\",\"potentialAction\":[{\"@type\":\"ReadAction\",\"target\":[\"http:\/\/incesttraumacentar.org.rs\/index.php\/trening-centar\/\"]}]},{\"@type\":\"BreadcrumbList\",\"@id\":\"http:\/\/incesttraumacentar.org.rs\/index.php\/trening-centar\/#breadcrumb\",\"itemListElement\":[{\"@type\":\"ListItem\",\"position\":1,\"item\":{\"@type\":\"WebPage\",\"@id\":\"http:\/\/incesttraumacentar.org.rs\/\",\"url\":\"http:\/\/incesttraumacentar.org.rs\/\",\"name\":\"Home\"}},{\"@type\":\"ListItem\",\"position\":2,\"item\":{\"@type\":\"WebPage\",\"@id\":\"http:\/\/incesttraumacentar.org.rs\/index.php\/trening-centar\/\",\"url\":\"http:\/\/incesttraumacentar.org.rs\/index.php\/trening-centar\/\",\"name\":\"TRENING CENTAR\"}}]}]}<\/script>\n<!-- \/ Yoast SEO plugin. -->","_links":{"self":[{"href":"http:\/\/incesttraumacentar.org.rs\/index.php\/wp-json\/wp\/v2\/pages\/18"}],"collection":[{"href":"http:\/\/incesttraumacentar.org.rs\/index.php\/wp-json\/wp\/v2\/pages"}],"about":[{"href":"http:\/\/incesttraumacentar.org.rs\/index.php\/wp-json\/wp\/v2\/types\/page"}],"author":[{"embeddable":true,"href":"http:\/\/incesttraumacentar.org.rs\/index.php\/wp-json\/wp\/v2\/users\/1"}],"replies":[{"embeddable":true,"href":"http:\/\/incesttraumacentar.org.rs\/index.php\/wp-json\/wp\/v2\/comments?post=18"}],"version-history":[{"count":34,"href":"http:\/\/incesttraumacentar.org.rs\/index.php\/wp-json\/wp\/v2\/pages\/18\/revisions"}],"predecessor-version":[{"id":1310,"href":"http:\/\/incesttraumacentar.org.rs\/index.php\/wp-json\/wp\/v2\/pages\/18\/revisions\/1310"}],"wp:attachment":[{"href":"http:\/\/incesttraumacentar.org.rs\/index.php\/wp-json\/wp\/v2\/media?parent=18"}],"curies":[{"name":"wp","href":"https:\/\/api.w.org\/{rel}","templated":true}]}}