{"id":1286,"date":"2021-03-11T05:24:34","date_gmt":"2021-03-11T05:24:34","guid":{"rendered":"http:\/\/www.incesttraumacentar.org.rs\/wordpress\/?page_id=1286"},"modified":"2023-05-02T15:09:57","modified_gmt":"2023-05-02T15:09:57","slug":"nagrade","status":"publish","type":"page","link":"http:\/\/incesttraumacentar.org.rs\/index.php\/nagrade\/","title":{"rendered":"NAGRADE"},"content":{"rendered":"\t\t<div data-elementor-type=\"wp-page\" data-elementor-id=\"1286\" class=\"elementor elementor-1286\" data-elementor-settings=\"[]\">\n\t\t\t\t\t\t\t<div class=\"elementor-section-wrap\">\n\t\t\t\t\t\t\t<section class=\"elementor-section elementor-top-section elementor-element elementor-element-932aaab elementor-section-boxed elementor-section-height-default elementor-section-height-default\" data-id=\"932aaab\" data-element_type=\"section\">\n\t\t\t\t\t\t<div class=\"elementor-container elementor-column-gap-default\">\n\t\t\t\t\t<div class=\"elementor-column elementor-col-100 elementor-top-column elementor-element elementor-element-fbbdadd\" data-id=\"fbbdadd\" data-element_type=\"column\">\n\t\t\t<div class=\"elementor-widget-wrap elementor-element-populated\">\n\t\t\t\t\t\t\t\t<div class=\"elementor-element elementor-element-2394209 elementor-widget elementor-widget-text-editor\" data-id=\"2394209\" data-element_type=\"widget\" data-widget_type=\"text-editor.default\">\n\t\t\t\t<div class=\"elementor-widget-container\">\n\t\t\t\t\t<div class=\"elementor-text-editor elementor-clearfix\"><p style=\"text-align: justify;\"><span style=\"color: #3366ff;\"><strong>Incest Trauma Centar \u2013 Beograd, Nagrade\/Priznanja\/Nominacije:<\/strong><\/span><\/p><ul style=\"text-align: justify;\"><li>Dr\u017eavna nagrada za izvrsnost \u201eza poseban doprinos podizanju svesti o neprihvatljivosti seksualnog i rodno zasnovanog nasilja\u201c (Ministarstvo socijalne politike Srbije,);<\/li><li>Finalista 2011. godine i dobitnik 2012. nagrade \u201ePRiZNANJE\u201c Dru\u0161tva Srbije za odnose s javno\u0161\u0107u u kategoriji \u201eKomunikacija u neprofitnom sektoru\u201c; napomena: ITC je jedini konkurent koji je obe godine samostalno kreirao i sproveo svoju kampanju, bez anga\u017eovanja marketin\u0161ke agencije;<\/li><li>Imenovanje Incest Trauma Centra \u2013 Beograd od strane Saveta Evrope u Strasburgu za zvani\u010dnog nacionalnog partnera u Kampanji protiv seksualnog zlostavljanja dece za Republiku Srbiju, Kampanja pod nazivom \u201eJEDNO OD PETORO\u201c, zasnovana na Konvenciji Lanzarote (prema potpisanom sporazumu, u toku cele Kampanje, 2012-2015.);<\/li><li>Zvani\u010dna pesma \u201ePrekinimo \u0107utanje!\u201c (\u201cStop the Silence!\u201c) Nacionalne kampanje koju je ITC vodio u Srbiji je 2012. predata Savetu Evrope u Strazburu i ozna\u010dena je kao zvani\u010dna himna Kampanje \u201eJEDNO OD PETORO\u201c na evropskom nivou, koju c\u0301e koristiti dr\u017eave \u010dlanice;<\/li><li>Po\u010dev od marta 2017. godine, ITC je imenovan da deluje u svojstvu dr\u017eavnog CAN partnera Me\u0111unarodnog dru\u0161tva za prevenciju zlostavljanja i zanemarivanja dece (ISPCAN ) koje je najve\u0107e udru\u017eenje u ovoj oblasti na svetu;<\/li><li>U martu 2016., kao i u martu 2017., ITC je nominovan za nagradu kolektiva The With and For Girls. To je inicijativa kolektiva The With and For Girls, koji je grupa od osam donatora: EMpower, Mama Cash, Fondacije NoVo, Plan UK, Globalnog de\u010dijeg fonda (Global Fund for Children), Fondacije Najk (Nike Foundation), Comic Relief i Fondacije Stars, koji imaju za cilj da identifikuju i prepoznaju jake lokalne organizacije koje rade SA devojkama i ZA devojke, putem njihovih godi\u0161njih nagrada. Postupak dozvoljava da nominacije mogu da daju samo pouzdani preporu\u010deni partneri, jer je nominovani pokazao efikasnu praksu u stvaranju okru\u017eenja koje podr\u017eava i osna\u017euje devojke;<\/li><li>U martu 2018. godine, ITC je primio FEMINISTI\u010cKO PRIZNANJE ZA \u010cIN OTPORA U JAVNOM DOMENU \u201eza rad na stvaranju Obrazovnih paketa za u\u010denje o pitanju seksualnog zlostavljanja dece i akt otpora protiv veta na primenu Obrazovnih paketa.\u201c Feministi\u010dko priznanje dodelio BeFem, Srbija.<\/li><li>\u00a0U junu 2022., ITC je ostvario uspeh kao FINALISTA ZA NAGRADU ZA HRABROST JULIETTE GIMON koju dodeljuje ameri\u010dka organizacija Global Fund for Children.<\/li><\/ul><div style=\"text-align: justify;\">\u00a0<\/div><div style=\"text-align: justify;\">\u00a0<\/div><p style=\"text-align: justify;\"><span style=\"color: #3366ff;\"><strong>Nagrade i nominacije<\/strong><\/span><\/p><p style=\"text-align: justify;\"><span style=\"color: #3366ff;\"><strong>Du\u0161ica Popadi\u0107, Direktorka Incest Trauma Centra \u2013 Beograd<\/strong><\/span><\/p><ul><li style=\"text-align: justify;\">2009 \u2013 2015: Svake godine u decembru, bila je na godi\u0161njoj listi \u201e200 najmoc\u0301nijih \u017eena u Srbiji\u201c koju je objavljivao srpski dnevni list \u201eBlic\u201c, kao glasnogovornica protiv seksualnog nasilja u detinjstvu (ovaj spisak je izlazio do 2015.).<\/li><li style=\"text-align: justify;\">2013: Pojavila se u prvom Leksikonu \u201cKO JE KO U SRBIJI\u201d u izdanju dr\u017eavnog Zavoda za izdavanje ud\u017ebenika.<\/li><li style=\"text-align: justify;\">2016: Po\u010dasna nagrada ameri\u010dke organizacije World of Children &#8211; Nagrada u oblasti za\u0161tite prava deteta (ameri\u010dki mediji nagradu World of Children \u010desto nazivaju Nobelovom nagradom u oblasti zagovaranja za dobrobit dece; prva dobitnica nagrade Protection Award).<\/li><li style=\"text-align: justify;\">2017: Nominovana od strane Delegacije Evropske komisije u Srbiji za nagradu Saharov Evropskog parlamenta.<\/li><li style=\"text-align: justify;\">2017: Dobitnica Fulbrajtove nagrade 2017. \u201cPredvodnica 2017: Za profesionalna dostignuc\u0301a i doprinos pozitivnim dru\u0161tvenim promenama tokom 2016. godine u oblasti pru\u017eanja podr\u0161ke deci i odraslima koji su pre\u017eiveli seksualno zlostavljanje i radu na prevenciji nasilja nad decom kroz obrazovne programe.\u201c<\/li><\/ul><\/div>\n\t\t\t\t<\/div>\n\t\t\t\t<\/div>\n\t\t\t\t<div class=\"elementor-element elementor-element-494c28f elementor-widget elementor-widget-text-editor\" data-id=\"494c28f\" data-element_type=\"widget\" data-widget_type=\"text-editor.default\">\n\t\t\t\t<div class=\"elementor-widget-container\">\n\t\t\t\t\t<div class=\"elementor-text-editor elementor-clearfix\"><p style=\"text-align: center;\"><a href=\"http:\/\/incesttraumacentar.org.rs\/wordpress\/wp-content\/uploads\/2022\/01\/ITC-Survey-WHRD-2021-1.pdf\">\u00a0Dru\u0161tveni polo\u017eaj, iskustva i snage braniteljki \u017eenskih ljudskih prava aktivnih u oblasti seksualnog nasilja (2021.)<\/a><\/p><\/div>\n\t\t\t\t<\/div>\n\t\t\t\t<\/div>\n\t\t\t\t\t<\/div>\n\t\t<\/div>\n\t\t\t\t\t\t\t<\/div>\n\t\t<\/section>\n\t\t\t\t\t\t<\/div>\n\t\t\t\t\t<\/div>\n\t\t","protected":false},"excerpt":{"rendered":"<p>Incest Trauma Centar \u2013 Beograd, Nagrade\/Priznanja\/Nominacije: Dr\u017eavna nagrada za izvrsnost \u201eza poseban doprinos podizanju svesti o neprihvatljivosti seksualnog i rodno zasnovanog nasilja\u201c (Ministarstvo socijalne politike Srbije,); Finalista 2011. godine i dobitnik 2012. nagrade \u201ePRiZNANJE\u201c Dru\u0161tva Srbije za odnose s javno\u0161\u0107u u kategoriji \u201eKomunikacija u neprofitnom sektoru\u201c; napomena: ITC je jedini konkurent koji je obe godine [&hellip;]<\/p>\n","protected":false},"author":1,"featured_media":0,"parent":0,"menu_order":0,"comment_status":"closed","ping_status":"closed","template":"","meta":[],"yoast_head":"<!-- This site is optimized with the Yoast SEO plugin v15.9 - https:\/\/yoast.com\/wordpress\/plugins\/seo\/ -->\n<title>NAGRADE - INCEST TRAUMA CENTAR - BEOGRAD<\/title>\n<meta name=\"robots\" content=\"index, follow, max-snippet:-1, max-image-preview:large, max-video-preview:-1\" \/>\n<link rel=\"canonical\" href=\"http:\/\/incesttraumacentar.org.rs\/index.php\/nagrade\/\" \/>\n<meta property=\"og:locale\" content=\"en_US\" \/>\n<meta property=\"og:type\" content=\"article\" \/>\n<meta property=\"og:title\" content=\"NAGRADE - INCEST TRAUMA CENTAR - BEOGRAD\" \/>\n<meta property=\"og:description\" content=\"Incest Trauma Centar \u2013 Beograd, Nagrade\/Priznanja\/Nominacije: Dr\u017eavna nagrada za izvrsnost \u201eza poseban doprinos podizanju svesti o neprihvatljivosti seksualnog i rodno zasnovanog nasilja\u201c (Ministarstvo socijalne politike Srbije,); Finalista 2011. godine i dobitnik 2012. nagrade \u201ePRiZNANJE\u201c Dru\u0161tva Srbije za odnose s javno\u0161\u0107u u kategoriji \u201eKomunikacija u neprofitnom sektoru\u201c; napomena: ITC je jedini konkurent koji je obe godine [&hellip;]\" \/>\n<meta property=\"og:url\" content=\"http:\/\/incesttraumacentar.org.rs\/index.php\/nagrade\/\" \/>\n<meta property=\"og:site_name\" content=\"INCEST TRAUMA CENTAR - BEOGRAD\" \/>\n<meta property=\"article:modified_time\" content=\"2023-05-02T15:09:57+00:00\" \/>\n<meta name=\"twitter:card\" content=\"summary_large_image\" \/>\n<meta name=\"twitter:label1\" content=\"Est. reading time\">\n\t<meta name=\"twitter:data1\" content=\"3 minutes\">\n<script type=\"application\/ld+json\" class=\"yoast-schema-graph\">{\"@context\":\"https:\/\/schema.org\",\"@graph\":[{\"@type\":\"Organization\",\"@id\":\"http:\/\/incesttraumacentar.org.rs\/#organization\",\"name\":\"INCEST TRAUMA CENTAR - BEOGRAD\",\"url\":\"http:\/\/incesttraumacentar.org.rs\/\",\"sameAs\":[],\"logo\":{\"@type\":\"ImageObject\",\"@id\":\"http:\/\/incesttraumacentar.org.rs\/#logo\",\"inLanguage\":\"en-US\",\"url\":\"http:\/\/incesttraumacentar.org.rs\/wordpress\/wp-content\/uploads\/2021\/02\/logo.png\",\"width\":82,\"height\":131,\"caption\":\"INCEST TRAUMA CENTAR - BEOGRAD\"},\"image\":{\"@id\":\"http:\/\/incesttraumacentar.org.rs\/#logo\"}},{\"@type\":\"WebSite\",\"@id\":\"http:\/\/incesttraumacentar.org.rs\/#website\",\"url\":\"http:\/\/incesttraumacentar.org.rs\/\",\"name\":\"INCEST TRAUMA CENTAR - BEOGRAD\",\"description\":\"\",\"publisher\":{\"@id\":\"http:\/\/incesttraumacentar.org.rs\/#organization\"},\"potentialAction\":[{\"@type\":\"SearchAction\",\"target\":\"http:\/\/incesttraumacentar.org.rs\/?s={search_term_string}\",\"query-input\":\"required name=search_term_string\"}],\"inLanguage\":\"en-US\"},{\"@type\":\"WebPage\",\"@id\":\"http:\/\/incesttraumacentar.org.rs\/index.php\/nagrade\/#webpage\",\"url\":\"http:\/\/incesttraumacentar.org.rs\/index.php\/nagrade\/\",\"name\":\"NAGRADE - INCEST TRAUMA CENTAR - BEOGRAD\",\"isPartOf\":{\"@id\":\"http:\/\/incesttraumacentar.org.rs\/#website\"},\"datePublished\":\"2021-03-11T05:24:34+00:00\",\"dateModified\":\"2023-05-02T15:09:57+00:00\",\"breadcrumb\":{\"@id\":\"http:\/\/incesttraumacentar.org.rs\/index.php\/nagrade\/#breadcrumb\"},\"inLanguage\":\"en-US\",\"potentialAction\":[{\"@type\":\"ReadAction\",\"target\":[\"http:\/\/incesttraumacentar.org.rs\/index.php\/nagrade\/\"]}]},{\"@type\":\"BreadcrumbList\",\"@id\":\"http:\/\/incesttraumacentar.org.rs\/index.php\/nagrade\/#breadcrumb\",\"itemListElement\":[{\"@type\":\"ListItem\",\"position\":1,\"item\":{\"@type\":\"WebPage\",\"@id\":\"http:\/\/incesttraumacentar.org.rs\/\",\"url\":\"http:\/\/incesttraumacentar.org.rs\/\",\"name\":\"Home\"}},{\"@type\":\"ListItem\",\"position\":2,\"item\":{\"@type\":\"WebPage\",\"@id\":\"http:\/\/incesttraumacentar.org.rs\/index.php\/nagrade\/\",\"url\":\"http:\/\/incesttraumacentar.org.rs\/index.php\/nagrade\/\",\"name\":\"NAGRADE\"}}]}]}<\/script>\n<!-- \/ Yoast SEO plugin. -->","_links":{"self":[{"href":"http:\/\/incesttraumacentar.org.rs\/index.php\/wp-json\/wp\/v2\/pages\/1286"}],"collection":[{"href":"http:\/\/incesttraumacentar.org.rs\/index.php\/wp-json\/wp\/v2\/pages"}],"about":[{"href":"http:\/\/incesttraumacentar.org.rs\/index.php\/wp-json\/wp\/v2\/types\/page"}],"author":[{"embeddable":true,"href":"http:\/\/incesttraumacentar.org.rs\/index.php\/wp-json\/wp\/v2\/users\/1"}],"replies":[{"embeddable":true,"href":"http:\/\/incesttraumacentar.org.rs\/index.php\/wp-json\/wp\/v2\/comments?post=1286"}],"version-history":[{"count":34,"href":"http:\/\/incesttraumacentar.org.rs\/index.php\/wp-json\/wp\/v2\/pages\/1286\/revisions"}],"predecessor-version":[{"id":1778,"href":"http:\/\/incesttraumacentar.org.rs\/index.php\/wp-json\/wp\/v2\/pages\/1286\/revisions\/1778"}],"wp:attachment":[{"href":"http:\/\/incesttraumacentar.org.rs\/index.php\/wp-json\/wp\/v2\/media?parent=1286"}],"curies":[{"name":"wp","href":"https:\/\/api.w.org\/{rel}","templated":true}]}}